{"id":3,"date":"2021-02-09T14:16:36","date_gmt":"2021-02-09T14:16:36","guid":{"rendered":"https:\/\/foodimproviders.eu\/?page_id=3"},"modified":"2023-03-08T13:58:26","modified_gmt":"2023-03-08T13:58:26","slug":"privacy-policy","status":"publish","type":"page","link":"https:\/\/foodimproviders.eu\/es\/privacy-policy\/","title":{"rendered":"Pol\u00edtica de privacidad"},"content":{"rendered":"<h2 class=\"wp-block-heading\"><\/h2>\n\n\n\n<p><\/p>\n\n\n\n<p><strong>Proyecto Foodimprov'iders<\/strong>&nbsp;<\/p>\n\n\n\n<p><strong>FOODIMPROV'IDERS - Proporcionar a los productores conocimientos adecuados para desarrollar nuevos modelos de cadena alimentaria sostenible que mejoren sus ingresos y aumenten la satisfacci\u00f3n de los consumidores.<\/strong>(en lo sucesivo denominado \"<strong>MEJORADORES DE ALIMENTOS<\/strong>\", \"nosotros\", \"nos\" o \"nuestro\") es un proyecto Erasmus+ coordinado por ANIA y que re\u00fane a socios internacionales con experiencia diversa: <a href=\"https:\/\/foodimproviders.eu\/es\/foodimproviders-project\/#partners\" target=\"_blank\" rel=\"noreferrer noopener\"><strong>https:\/\/foodimproviders.eu\/foodimproviders-project\/#partners<\/strong><\/a>. Europroject mantiene este sitio web (\"el Servicio\") en nombre de los miembros del consorcio Foodimprov'iders.&nbsp;<\/p>\n\n\n\n<p><strong>Pol\u00edtica de datos<\/strong>&nbsp;<\/p>\n\n\n\n<p>Nuestra pol\u00edtica de datos tiene por objeto explicar c\u00f3mo utilizamos los datos personales que nos proporciona cuando visita el sitio web <strong>MEJORADORES DE ALIMENTOS<\/strong><strong> <\/strong>sitio web. Su privacidad y la seguridad de sus datos son de suma importancia para nosotros. Aunque ning\u00fan m\u00e9todo de transmisi\u00f3n de datos a trav\u00e9s de Internet, o de almacenamiento electr\u00f3nico, es seguro al cien por cien, nos aseguraremos de que cualquier tratamiento de datos que utilicemos aplique las medidas de seguridad t\u00e9cnicas y organizativas adecuadas para proteger la informaci\u00f3n que nos haya facilitado.&nbsp;<\/p>\n\n\n\n<p><strong>Datos personales&nbsp;<\/strong>&nbsp;<\/p>\n\n\n\n<p>Al utilizar nuestro Servicio, podemos pedirle que nos proporcione cierta informaci\u00f3n de identificaci\u00f3n personal que puede utilizarse para ponernos en contacto con usted o identificarle. Los Datos Personales pueden incluir su direcci\u00f3n de correo electr\u00f3nico, nombre y apellidos, Cookies y\/o datos de uso.&nbsp;<\/p>\n\n\n\n<p>Trataremos sus Datos Personales de conformidad con la Legislaci\u00f3n de Protecci\u00f3n de Datos, incluidas las Leyes de Protecci\u00f3n de Datos de 1988 a 2018, el Reglamento General de Protecci\u00f3n de Datos (UE) 2018\/1725, y cualquier otra ley o normativa nacional o internacional aplicable. Bajo ninguna circunstancia, compartiremos sus Datos Personales sin su consentimiento, a menos que lo exija la ley (excepto seg\u00fan lo establecido en esta Pol\u00edtica). En algunas circunstancias, sus Datos Personales pueden compartirse con la Comisi\u00f3n Europea, en cuyo caso sus Datos Personales se procesar\u00e1n de acuerdo con la Pol\u00edtica de Privacidad de la Comisi\u00f3n Europea disponible en:<a href=\"https:\/\/ec.europa.eu\/info\/privacy-policy_en\" target=\"_blank\" rel=\"noreferrer noopener\">https:\/\/ec.europa.eu\/info\/privacy-policy_en<\/a>.&nbsp;<\/p>\n\n\n\n<p>En caso necesario, s\u00f3lo podremos revelar sus Datos Personales de buena fe: i) para cumplir una obligaci\u00f3n legal; ii) para proteger <strong>MEJORADORES DE ALIMENTOS <\/strong>derechos o propiedad; iii) para prevenir o investigar posibles irregularidades en relaci\u00f3n con el Servicio, iv) para proteger la seguridad personal de los usuarios del Servicio o del p\u00fablico; v) para proteger frente a responsabilidades legales.&nbsp;<\/p>\n\n\n\n<p><strong>Datos de uso<\/strong>&nbsp;<\/p>\n\n\n\n<p>Tambi\u00e9n podemos recopilar informaci\u00f3n sobre c\u00f3mo se accede al Servicio y c\u00f3mo se utiliza (\"Datos de uso\"). Estos Datos de Uso pueden incluir informaci\u00f3n como la direcci\u00f3n de Protocolo de Internet (IP) de su ordenador, el tipo de navegador, la versi\u00f3n del navegador, las p\u00e1ginas de nuestro Servicio que visita, la hora y la fecha de su visita, el tiempo empleado en esas p\u00e1ginas, identificadores \u00fanicos de dispositivos y otros datos de diagn\u00f3stico.&nbsp;<\/p>\n\n\n\n<p><strong>Datos anal\u00edticos<\/strong>&nbsp;<\/p>\n\n\n\n<p>Recopilamos datos anal\u00edticos a trav\u00e9s de Google Analytics. Estos datos se recopilan a nivel macro en funci\u00f3n de todos los visitantes del sitio web. Todos los datos anal\u00edticos son an\u00f3nimos y, por tanto, no permiten la identificaci\u00f3n personal.&nbsp;<\/p>\n\n\n\n<p><strong>Datos de seguimiento y cookies<\/strong>&nbsp;<\/p>\n\n\n\n<p>Utilizamos cookies y tecnolog\u00edas de seguimiento similares para rastrear la actividad en nuestro Servicio y conservar cierta informaci\u00f3n.&nbsp;<\/p>\n\n\n\n<p>Las cookies son archivos con una peque\u00f1a cantidad de datos que pueden incluir un identificador \u00fanico an\u00f3nimo. Las cookies se env\u00edan a su navegador desde un sitio web y se almacenan en su dispositivo. Las tecnolog\u00edas de seguimiento que tambi\u00e9n se utilizan son balizas, etiquetas y scripts para recopilar y rastrear informaci\u00f3n y para mejorar y analizar nuestro Servicio.&nbsp;<\/p>\n\n\n\n<p>Puede configurar su navegador para que rechace todas las cookies o para que le indique cu\u00e1ndo se env\u00eda una cookie. Sin embargo, si no acepta las cookies, es posible que no pueda utilizar algunas partes de nuestro Servicio.&nbsp;<\/p>\n\n\n\n<p>Ejemplos de cookies que utilizamos:&nbsp;<br><strong>- Cookies de sesi\u00f3n -<\/strong> Utilizamos cookies de sesi\u00f3n para el funcionamiento de nuestro Servicio&nbsp;<br>- <strong>Cookies de preferencias<\/strong> - Utilizamos cookies de preferencias para recordar sus preferencias y diversos ajustes&nbsp;<br>- <strong>Cookies de seguridad<\/strong> - Utilizamos cookies de seguridad por motivos de seguridad.&nbsp;<\/p>\n\n\n\n<p><strong>Pol\u00edtica de cookies<\/strong>&nbsp;<\/p>\n\n\n\n<p>Nuestro sitio web utiliza cookies para distinguirle de otros usuarios del mismo. En general, las cookies se utilizan para conservar las preferencias del usuario, almacenar informaci\u00f3n para cosas como carritos de la compra y proporcionar datos de seguimiento an\u00f3nimos. Por regla general, las cookies mejoran su experiencia de navegaci\u00f3n. Sin embargo, puede que prefiera desactivar las cookies en este sitio y en otros. La forma m\u00e1s eficaz de hacerlo es desactivar las cookies en su navegador. Le sugerimos que consulte la secci\u00f3n de Ayuda de su navegador o eche un vistazo a la p\u00e1gina<a href=\"https:\/\/www.aboutcookies.org\/\" target=\"_blank\" rel=\"noreferrer noopener\">Acerca de las cookies<\/a>que ofrece orientaci\u00f3n para todos los navegadores modernos.&nbsp;<\/p>\n\n\n\n<p><strong>Enlaces de terceros<\/strong>&nbsp;<\/p>\n\n\n\n<p>Nuestro Servicio puede contener hiperv\u00ednculos a sitios web propiedad de terceros y gestionados por ellos. Estos sitios web de terceros tienen sus propias pol\u00edticas de privacidad, incluidas las cookies. No aceptamos ninguna responsabilidad u obligaci\u00f3n por las pr\u00e1cticas de privacidad de dichos sitios web de terceros y el uso de dichos sitios web es bajo su propio riesgo.&nbsp;<\/p>\n\n\n\n<p><strong>Cambios en la pol\u00edtica de privacidad de FOODIMPROV'IDERS<\/strong>&nbsp;<\/p>\n\n\n\n<p>Nuestra Pol\u00edtica de Privacidad puede ser actualizada de vez en cuando. Le aconsejamos que revise peri\u00f3dicamente esta Pol\u00edtica de Privacidad. Cualquier cambio en nuestra Pol\u00edtica de Privacidad se publicar\u00e1 en esta p\u00e1gina.&nbsp;<\/p>\n\n\n\n<p><strong>P\u00f3ngase en contacto con nosotros<\/strong>&nbsp;<\/p>\n\n\n\n<p>Si tiene alguna pregunta o desea obtener m\u00e1s informaci\u00f3n sobre la pol\u00edtica de privacidad de FOODIMPROV'IDERS, no dude en ponerse en contacto con nosotros en<a href=\"mailto:galina.ivanova@europroject.bg\" target=\"_blank\" rel=\"noreferrer noopener\">galina.ivanova@europroject.bg<\/a>.&nbsp;&nbsp;&nbsp;<\/p>","protected":false},"excerpt":{"rendered":"<p>Foodimprov\u2019iders project&nbsp; FOODIMPROV\u2019IDERS \u2013 Provide producers with fit-for-purpose knowledge to develop new sustainable food chain models improving their revenue and enhancing consumers\u2019 satisfaction\u202f(hereinafter referred to as \u201cFOODIMPROV\u2019IDERS\u201d, \u201cwe\u201d, \u201cus\u201d or [&hellip;]<\/p>\n","protected":false},"author":1,"featured_media":0,"parent":0,"menu_order":0,"comment_status":"closed","ping_status":"closed","template":"","meta":{"_et_pb_use_builder":"","_et_pb_old_content":"","_et_gb_content_width":"1080","footnotes":""},"class_list":["post-3","page","type-page","status-publish","hentry"],"yoast_head":"<!-- This site is optimized with the Yoast SEO plugin v27.4 - https:\/\/yoast.com\/product\/yoast-seo-wordpress\/ -->\n<title>Privacy Policy - Food Improviders<\/title>\n<meta name=\"robots\" content=\"index, follow, max-snippet:-1, max-image-preview:large, max-video-preview:-1\" \/>\n<link rel=\"canonical\" href=\"https:\/\/foodimproviders.eu\/es\/privacy-policy\/\" \/>\n<meta property=\"og:locale\" content=\"es_ES\" \/>\n<meta property=\"og:type\" content=\"article\" \/>\n<meta property=\"og:title\" content=\"Privacy Policy - Food Improviders\" \/>\n<meta property=\"og:description\" content=\"Foodimprov\u2019iders project&nbsp; FOODIMPROV\u2019IDERS \u2013 Provide producers with fit-for-purpose knowledge to develop new sustainable food chain models improving their revenue and enhancing consumers\u2019 satisfaction\u202f(hereinafter referred to as \u201cFOODIMPROV\u2019IDERS\u201d, \u201cwe\u201d, \u201cus\u201d or [&hellip;]\" \/>\n<meta property=\"og:url\" content=\"https:\/\/foodimproviders.eu\/es\/privacy-policy\/\" \/>\n<meta property=\"og:site_name\" content=\"Food Improviders\" \/>\n<meta property=\"article:modified_time\" content=\"2023-03-08T13:58:26+00:00\" \/>\n<meta name=\"twitter:card\" content=\"summary_large_image\" \/>\n<meta name=\"twitter:label1\" content=\"Tiempo de lectura\" \/>\n\t<meta name=\"twitter:data1\" content=\"4 minutos\" \/>\n<script type=\"application\/ld+json\" class=\"yoast-schema-graph\">{\"@context\":\"https:\\\/\\\/schema.org\",\"@graph\":[{\"@type\":\"WebPage\",\"@id\":\"https:\\\/\\\/foodimproviders.eu\\\/privacy-policy\\\/\",\"url\":\"https:\\\/\\\/foodimproviders.eu\\\/privacy-policy\\\/\",\"name\":\"Privacy Policy - Food Improviders\",\"isPartOf\":{\"@id\":\"https:\\\/\\\/foodimproviders.eu\\\/hu\\\/#website\"},\"datePublished\":\"2021-02-09T14:16:36+00:00\",\"dateModified\":\"2023-03-08T13:58:26+00:00\",\"breadcrumb\":{\"@id\":\"https:\\\/\\\/foodimproviders.eu\\\/privacy-policy\\\/#breadcrumb\"},\"inLanguage\":\"es\",\"potentialAction\":[{\"@type\":\"ReadAction\",\"target\":[\"https:\\\/\\\/foodimproviders.eu\\\/privacy-policy\\\/\"]}]},{\"@type\":\"BreadcrumbList\",\"@id\":\"https:\\\/\\\/foodimproviders.eu\\\/privacy-policy\\\/#breadcrumb\",\"itemListElement\":[{\"@type\":\"ListItem\",\"position\":1,\"name\":\"Home\",\"item\":\"https:\\\/\\\/foodimproviders.eu\\\/hu\\\/\"},{\"@type\":\"ListItem\",\"position\":2,\"name\":\"Privacy Policy\"}]},{\"@type\":\"WebSite\",\"@id\":\"https:\\\/\\\/foodimproviders.eu\\\/hu\\\/#website\",\"url\":\"https:\\\/\\\/foodimproviders.eu\\\/hu\\\/\",\"name\":\"Food Improviders\",\"description\":\"Showcase website of the Erasmus+ Strategic partnership FOOD IMPROV&#039;IDERS aiming to facilitate the uptake of short food supply chain by EU food producers.\",\"potentialAction\":[{\"@type\":\"SearchAction\",\"target\":{\"@type\":\"EntryPoint\",\"urlTemplate\":\"https:\\\/\\\/foodimproviders.eu\\\/hu\\\/?s={search_term_string}\"},\"query-input\":{\"@type\":\"PropertyValueSpecification\",\"valueRequired\":true,\"valueName\":\"search_term_string\"}}],\"inLanguage\":\"es\"}]}<\/script>\n<!-- \/ Yoast SEO plugin. -->","yoast_head_json":{"title":"Privacy Policy - Food Improviders","robots":{"index":"index","follow":"follow","max-snippet":"max-snippet:-1","max-image-preview":"max-image-preview:large","max-video-preview":"max-video-preview:-1"},"canonical":"https:\/\/foodimproviders.eu\/es\/privacy-policy\/","og_locale":"es_ES","og_type":"article","og_title":"Privacy Policy - Food Improviders","og_description":"Foodimprov\u2019iders project&nbsp; FOODIMPROV\u2019IDERS \u2013 Provide producers with fit-for-purpose knowledge to develop new sustainable food chain models improving their revenue and enhancing consumers\u2019 satisfaction\u202f(hereinafter referred to as \u201cFOODIMPROV\u2019IDERS\u201d, \u201cwe\u201d, \u201cus\u201d or [&hellip;]","og_url":"https:\/\/foodimproviders.eu\/es\/privacy-policy\/","og_site_name":"Food Improviders","article_modified_time":"2023-03-08T13:58:26+00:00","twitter_card":"summary_large_image","twitter_misc":{"Tiempo de lectura":"4 minutos"},"schema":{"@context":"https:\/\/schema.org","@graph":[{"@type":"WebPage","@id":"https:\/\/foodimproviders.eu\/privacy-policy\/","url":"https:\/\/foodimproviders.eu\/privacy-policy\/","name":"Privacy Policy - Food Improviders","isPartOf":{"@id":"https:\/\/foodimproviders.eu\/hu\/#website"},"datePublished":"2021-02-09T14:16:36+00:00","dateModified":"2023-03-08T13:58:26+00:00","breadcrumb":{"@id":"https:\/\/foodimproviders.eu\/privacy-policy\/#breadcrumb"},"inLanguage":"es","potentialAction":[{"@type":"ReadAction","target":["https:\/\/foodimproviders.eu\/privacy-policy\/"]}]},{"@type":"BreadcrumbList","@id":"https:\/\/foodimproviders.eu\/privacy-policy\/#breadcrumb","itemListElement":[{"@type":"ListItem","position":1,"name":"Home","item":"https:\/\/foodimproviders.eu\/hu\/"},{"@type":"ListItem","position":2,"name":"Privacy Policy"}]},{"@type":"WebSite","@id":"https:\/\/foodimproviders.eu\/hu\/#website","url":"https:\/\/foodimproviders.eu\/hu\/","name":"Proveedores de alimentos","description":"P\u00e1gina web de presentaci\u00f3n de la asociaci\u00f3n estrat\u00e9gica Erasmus+ FOOD IMPROV'IDERS, cuyo objetivo es facilitar la adopci\u00f3n de la cadena corta de suministro de alimentos por parte de los productores de alimentos de la UE.","potentialAction":[{"@type":"SearchAction","target":{"@type":"EntryPoint","urlTemplate":"https:\/\/foodimproviders.eu\/hu\/?s={search_term_string}"},"query-input":{"@type":"PropertyValueSpecification","valueRequired":true,"valueName":"search_term_string"}}],"inLanguage":"es"}]}},"_links":{"self":[{"href":"https:\/\/foodimproviders.eu\/es\/wp-json\/wp\/v2\/pages\/3","targetHints":{"allow":["GET"]}}],"collection":[{"href":"https:\/\/foodimproviders.eu\/es\/wp-json\/wp\/v2\/pages"}],"about":[{"href":"https:\/\/foodimproviders.eu\/es\/wp-json\/wp\/v2\/types\/page"}],"author":[{"embeddable":true,"href":"https:\/\/foodimproviders.eu\/es\/wp-json\/wp\/v2\/users\/1"}],"replies":[{"embeddable":true,"href":"https:\/\/foodimproviders.eu\/es\/wp-json\/wp\/v2\/comments?post=3"}],"version-history":[{"count":0,"href":"https:\/\/foodimproviders.eu\/es\/wp-json\/wp\/v2\/pages\/3\/revisions"}],"wp:attachment":[{"href":"https:\/\/foodimproviders.eu\/es\/wp-json\/wp\/v2\/media?parent=3"}],"curies":[{"name":"wp","href":"https:\/\/api.w.org\/{rel}","templated":true}]}}