{"id":42,"date":"2021-02-10T08:04:39","date_gmt":"2021-02-10T08:04:39","guid":{"rendered":"https:\/\/foodimproviders.eu\/?page_id=42"},"modified":"2025-12-23T13:34:50","modified_gmt":"2025-12-23T13:34:50","slug":"foodimproviders-project","status":"publish","type":"page","link":"https:\/\/foodimproviders.eu\/es\/foodimproviders-project\/","title":{"rendered":"Proyecto"},"content":{"rendered":"\n[et_pb_section fb_built=&#8221;1&#8243; _builder_version=&#8221;4.8.2&#8243; _module_preset=&#8221;default&#8221;][et_pb_row _builder_version=&#8221;4.8.2&#8243; _module_preset=&#8221;default&#8221;][et_pb_column type=&#8221;4_4&#8243; _builder_version=&#8221;4.8.2&#8243; _module_preset=&#8221;default&#8221;][et_pb_text _builder_version=&#8221;4.8.2&#8243; _module_preset=&#8221;default&#8221;]<h1 style=\"text-align: center;\">Project<\/h1>[\/et_pb_text][et_pb_text module_id=&#8221;objectives&#8221; _builder_version=&#8221;4.8.2&#8243; _module_preset=&#8221;default&#8221;]<h2 style=\"text-align: center;\">Objectives &amp; Impacts<\/h2>[\/et_pb_text][et_pb_image src=&#8221;https:\/\/foodimproviders.eu\/wp-content\/uploads\/2021\/02\/objectives.png&#8221; alt=&#8221;objectives&#8221; title_text=&#8221;objectives&#8221; align=&#8221;center&#8221; _builder_version=&#8221;4.8.2&#8243; _module_preset=&#8221;default&#8221; width=&#8221;65%&#8221;][\/et_pb_image][et_pb_text module_id=&#8221;impacts&#8221; _builder_version=&#8221;4.8.2&#8243; _module_preset=&#8221;default&#8221;]<h2 style=\"text-align: center;\">Impacts<\/h2>[\/et_pb_text][et_pb_image src=&#8221;https:\/\/foodimproviders.eu\/wp-content\/uploads\/2021\/02\/impacts.png&#8221; alt=&#8221;impacts&#8221; title_text=&#8221;impacts&#8221; align=&#8221;center&#8221; _builder_version=&#8221;4.8.2&#8243; _module_preset=&#8221;default&#8221; width=&#8221;65%&#8221;][\/et_pb_image][et_pb_text module_id=&#8221;work-plan&#8221; _builder_version=&#8221;4.8.2&#8243; _module_preset=&#8221;default&#8221;]<h2 style=\"text-align: center;\">Work Plan<\/h2>[\/et_pb_text][et_pb_text _builder_version=&#8221;4.8.2&#8243; _module_preset=&#8221;default&#8221;]<p style=\"text-align: justify;\">To achieve these objectives and impacts, the project will adopt a producer-centric approach by keeping in mind the needs and requirements of producers in term of knowledge and training preferences. FOOD IMPROV&#8217;IDERS will study innovative food chain models that result in a fairer position for producers and develop fit-for purpose educational material identifying the determinants and key levers behind successful practices to facilitate the replication of fairer food chain models (WP1). Develop an e-learning platform tailored by the needs and feedback of the target audience and adapt the educational content developed for online self-learning (WP2). The developed pedagogical content on short food chains will be implemented and refined during blended-learning training sessions in the second and third year of the project training 360-480 EU producers (WP3, WP4). The project will ensure a wider uptake of the project results via a strong communication and dissemination strategy (WP5) supported by efficient project management (WP6).<\/p>[\/et_pb_text][et_pb_image src=&#8221;https:\/\/foodimproviders.eu\/wp-content\/uploads\/2021\/02\/work-plan.png&#8221; alt=&#8221;work plan&#8221; title_text=&#8221;work plan&#8221; align=&#8221;center&#8221; _builder_version=&#8221;4.8.2&#8243; _module_preset=&#8221;default&#8221; width=&#8221;65%&#8221;][\/et_pb_image][\/et_pb_column][\/et_pb_row][\/et_pb_section][et_pb_section fb_built=&#8221;1&#8243; _builder_version=&#8221;4.8.2&#8243; _module_preset=&#8221;default&#8221;][et_pb_row module_id=&#8221;partners&#8221; _builder_version=&#8221;4.8.2&#8243; _module_preset=&#8221;default&#8221;][et_pb_column type=&#8221;4_4&#8243; _builder_version=&#8221;4.8.2&#8243; _module_preset=&#8221;default&#8221;][et_pb_text _builder_version=&#8221;4.8.2&#8243; _module_preset=&#8221;default&#8221;]<h2 style=\"text-align: center;\">Consortium<\/h2>[\/et_pb_text][\/et_pb_column][\/et_pb_row][et_pb_row column_structure=&#8221;2_5,3_5&#8243; _builder_version=&#8221;4.8.2&#8243; _module_preset=&#8221;default&#8221;][et_pb_column type=&#8221;2_5&#8243; _builder_version=&#8221;4.8.2&#8243; _module_preset=&#8221;default&#8221;][et_pb_image src=&#8221;https:\/\/foodimproviders.eu\/wp-content\/uploads\/2023\/05\/logo-ANIA.png&#8221; alt=&#8221;ania&#8221; title_text=&#8221;ania&#8221; url=&#8221;https:\/\/www.ania.net\/&#8221; align=&#8221;center&#8221; _builder_version=&#8221;4.8.2&#8243; _module_preset=&#8221;default&#8221; hover_enabled=&#8221;0&#8243; sticky_enabled=&#8221;0&#8243;][\/et_pb_image][\/et_pb_column][et_pb_column type=&#8221;3_5&#8243; _builder_version=&#8221;4.8.2&#8243; _module_preset=&#8221;default&#8221;][et_pb_text _builder_version=&#8221;4.8.2&#8243; _module_preset=&#8221;default&#8221; link_option_url=&#8221;https:\/\/www.ania.net\/&#8221;]<h3>ASSOCIATION NATIONALE DES INDUSTRIES ALIMENTAIRES [ANIA]<\/h3>[\/et_pb_text][et_pb_text _builder_version=&#8221;4.8.2&#8243; _module_preset=&#8221;default&#8221;]<p style=\"text-align: justify;\">ANIA is the coordinator of the FOOD IMPROV\u2019IDERS project. It is the French Food and Drink federation, gathers sectorial federation and regional associations, and represent more than 17 000 food compagnies, 98% of these companies being SMEs. ANIA represent, inform and support food companies in France in order to valorise their role and contribution to public bodies, medias and consumers.<\/p>[\/et_pb_text][\/et_pb_column][\/et_pb_row][et_pb_row column_structure=&#8221;2_5,3_5&#8243; _builder_version=&#8221;4.8.2&#8243; _module_preset=&#8221;default&#8221;][et_pb_column type=&#8221;2_5&#8243; _builder_version=&#8221;4.8.2&#8243; _module_preset=&#8221;default&#8221;][et_pb_image src=&#8221;https:\/\/foodimproviders.eu\/wp-content\/uploads\/2022\/05\/eger-logo-1.jpg&#8221; alt=&#8221;eku&#8221; title_text=&#8221;eku&#8221; url=&#8221;https:\/\/uni-eszterhazy.hu\/en&#8221; align=&#8221;center&#8221; _builder_version=&#8221;4.8.2&#8243; _module_preset=&#8221;default&#8221;][\/et_pb_image][\/et_pb_column][et_pb_column type=&#8221;3_5&#8243; _builder_version=&#8221;4.8.2&#8243; _module_preset=&#8221;default&#8221;][et_pb_text _builder_version=&#8221;4.8.2&#8243; _module_preset=&#8221;default&#8221; link_option_url=&#8221;https:\/\/uni-eszterhazy.hu\/en&#8221;]<h3>Eszterh\u00e1zy K\u00e1roly Catholic University<\/h3>[\/et_pb_text][et_pb_text _builder_version=&#8221;4.8.2&#8243; _module_preset=&#8221;default&#8221;]<p style=\"text-align: justify;\">Eszterh\u00e1zy K\u00e1roly University performs high quality educational and research work building on two and half century traditions in higher education of the city of Eger and preparing its students towards the challenges of the future. The institute &#8211; with nearly 10,000 students and 1500 employees &#8211; continuously develops a diverse courses offering in line with the social and economic challenges of the 21st century.<\/p>[\/et_pb_text][\/et_pb_column][\/et_pb_row][et_pb_row column_structure=&#8221;2_5,3_5&#8243; _builder_version=&#8221;4.8.2&#8243; _module_preset=&#8221;default&#8221;][et_pb_column type=&#8221;2_5&#8243; _builder_version=&#8221;4.8.2&#8243; _module_preset=&#8221;default&#8221;][et_pb_image src=&#8221;https:\/\/foodimproviders.eu\/wp-content\/uploads\/2021\/02\/ul-vf.png&#8221; alt=&#8221;ul-vf&#8221; title_text=&#8221;ul-vf&#8221; url=&#8221;https:\/\/www.uni-lj.si\/university\/&#8221; align=&#8221;center&#8221; _builder_version=&#8221;4.8.2&#8243; _module_preset=&#8221;default&#8221;][\/et_pb_image][\/et_pb_column][et_pb_column type=&#8221;3_5&#8243; _builder_version=&#8221;4.8.2&#8243; _module_preset=&#8221;default&#8221;][et_pb_text _builder_version=&#8221;4.8.2&#8243; _module_preset=&#8221;default&#8221; link_option_url=&#8221;https:\/\/www.uni-lj.si\/university\/&#8221;]<h3>University of Ljubljana &#8211; Veterinary Faculty [UL-VF]<\/h3>[\/et_pb_text][et_pb_text _builder_version=&#8221;4.8.2&#8243; _module_preset=&#8221;default&#8221;]<p style=\"text-align: justify;\">The University of Ljubljana is the oldest, largest, and internationally best-ranked university in Slovenia. The university was founded in 1919 and encompasses 23 faculties, 3 art academies, and 3 associated members. The Veterinary faculty perform research work in the field of general hygiene, hygiene of premises and processes, food safety and food quality in food supply chain and on the field of public health.<\/p>[\/et_pb_text][\/et_pb_column][\/et_pb_row][et_pb_row column_structure=&#8221;2_5,3_5&#8243; _builder_version=&#8221;4.8.2&#8243; _module_preset=&#8221;default&#8221;][et_pb_column type=&#8221;2_5&#8243; _builder_version=&#8221;4.8.2&#8243; _module_preset=&#8221;default&#8221;][et_pb_image src=&#8221;https:\/\/foodimproviders.eu\/wp-content\/uploads\/2021\/02\/parma.png&#8221; alt=&#8221;parma&#8221; title_text=&#8221;parma&#8221; url=&#8221;https:\/\/en.unipr.it\/&#8221; align=&#8221;center&#8221; _builder_version=&#8221;4.8.2&#8243; _module_preset=&#8221;default&#8221;][\/et_pb_image][\/et_pb_column][et_pb_column type=&#8221;3_5&#8243; _builder_version=&#8221;4.8.2&#8243; _module_preset=&#8221;default&#8221;][et_pb_text _builder_version=&#8221;4.8.2&#8243; _module_preset=&#8221;default&#8221; link_option_url=&#8221;https:\/\/en.unipr.it\/&#8221;]<h3>UNIVERSITY OF PARMA [UP]<\/h3>[\/et_pb_text][et_pb_text _builder_version=&#8221;4.8.2&#8243; _module_preset=&#8221;default&#8221;]<p style=\"text-align: justify;\">The University of Parma is one of the oldest universities in Europe: established with the \u2018Diploma\u2019 conferred to Umberto, the bishop of Parma, in the year 962 AD.\u00a0 The University has now about 25,000 students and 1,800 professors, researchers and administrative staff. The University has an excellent record of accomplishment in producing outstanding young professionals in a vast array of academic fields. We continuously communicate with public and private organizations in order to better understand their true requirements, hence, improve, and update the proposed curricula accordingly.<\/p>[\/et_pb_text][\/et_pb_column][\/et_pb_row][et_pb_row column_structure=&#8221;2_5,3_5&#8243; _builder_version=&#8221;4.8.2&#8243; _module_preset=&#8221;default&#8221;][et_pb_column type=&#8221;2_5&#8243; _builder_version=&#8221;4.8.2&#8243; _module_preset=&#8221;default&#8221;][et_pb_image src=&#8221;https:\/\/foodimproviders.eu\/wp-content\/uploads\/2021\/02\/fjdv.png&#8221; alt=&#8221;fjdv&#8221; title_text=&#8221;fjdv&#8221; url=&#8221;https:\/\/juanadevega.org\/es\/&#8221; align=&#8221;center&#8221; _builder_version=&#8221;4.8.2&#8243; _module_preset=&#8221;default&#8221;][\/et_pb_image][\/et_pb_column][et_pb_column type=&#8221;3_5&#8243; _builder_version=&#8221;4.8.2&#8243; _module_preset=&#8221;default&#8221;][et_pb_text _builder_version=&#8221;4.8.2&#8243; _module_preset=&#8221;default&#8221; link_option_url=&#8221;https:\/\/juanadevega.org\/es\/&#8221;]<h3>FOUNDATION JUANA DE VEGA [FJDV]<\/h3>[\/et_pb_text][et_pb_text _builder_version=&#8221;4.8.2&#8243; _module_preset=&#8221;default&#8221;]<p style=\"text-align: justify;\">Foundation Juana de Vega is a private foundation founded in 1872 for the creation a school of agriculture to improve the training of farmers in Galicia. Currently the Juana de Vega Foundation continues to develop activities to contribute to the development of the rural environment of Galicia through various initiatives related to agrifood sector, training and research in this field and in topics related to landscape and territory.<\/p>[\/et_pb_text][\/et_pb_column][\/et_pb_row][et_pb_row column_structure=&#8221;2_5,3_5&#8243; _builder_version=&#8221;4.8.2&#8243; _module_preset=&#8221;default&#8221;][et_pb_column type=&#8221;2_5&#8243; _builder_version=&#8221;4.8.2&#8243; _module_preset=&#8221;default&#8221;][et_pb_image src=&#8221;https:\/\/foodimproviders.eu\/wp-content\/uploads\/2022\/05\/EP-logo-WH.png&#8221; alt=&#8221;ep&#8221; title_text=&#8221;ep&#8221; url=&#8221;https:\/\/europroject.bg\/&#8221; align=&#8221;center&#8221; _builder_version=&#8221;4.8.2&#8243; _module_preset=&#8221;default&#8221;][\/et_pb_image][\/et_pb_column][et_pb_column type=&#8221;3_5&#8243; _builder_version=&#8221;4.8.2&#8243; _module_preset=&#8221;default&#8221;][et_pb_text _builder_version=&#8221;4.8.2&#8243; _module_preset=&#8221;default&#8221; link_option_url=&#8221;https:\/\/europroject.bg\/&#8221;]<h3>EUROPROJECT [EP]<\/h3>[\/et_pb_text][et_pb_text _builder_version=&#8221;4.8.2&#8243; _module_preset=&#8221;default&#8221;]<p style=\"text-align: justify;\">Europroject is a french-bulgarian consultancy company created in 2005. Europroject assists clients to participate to projects financially supported by the European Commission in cooperation with European partners by performing the setting-up and the management of their projects.<\/p>[\/et_pb_text][\/et_pb_column][\/et_pb_row][\/et_pb_section][et_pb_section fb_built=&#8221;1&#8243; _builder_version=&#8221;4.8.2&#8243; _module_preset=&#8221;default&#8221;][et_pb_row _builder_version=&#8221;4.8.2&#8243; _module_preset=&#8221;default&#8221;][et_pb_column type=&#8221;4_4&#8243; _builder_version=&#8221;4.8.2&#8243; _module_preset=&#8221;default&#8221;][et_pb_text _builder_version=&#8221;4.8.2&#8243; _module_preset=&#8221;default&#8221;]<h2>FOOD IMPROV\u2019IDERS Partners Map<\/h2>[\/et_pb_text][et_pb_image src=&#8221;https:\/\/foodimproviders.eu\/wp-content\/uploads\/2021\/02\/map.png&#8221; alt=&#8221;map&#8221; title_text=&#8221;map&#8221; align=&#8221;center&#8221; _builder_version=&#8221;4.8.2&#8243; _module_preset=&#8221;default&#8221; width=&#8221;70%&#8221;][\/et_pb_image][\/et_pb_column][\/et_pb_row][\/et_pb_section]\n","protected":false},"excerpt":{"rendered":"<p>ProjectObjectives &amp; ImpactsImpactsWork PlanTo achieve these objectives and impacts, the project will adopt a producer-centric approach by keeping in mind the needs and requirements of producers in term of knowledge [&hellip;]<\/p>\n","protected":false},"author":1,"featured_media":0,"parent":0,"menu_order":0,"comment_status":"closed","ping_status":"closed","template":"","meta":{"_et_pb_use_builder":"on","_et_pb_old_content":"","_et_gb_content_width":"","footnotes":""},"class_list":["post-42","page","type-page","status-publish","hentry"],"yoast_head":"<!-- This site is optimized with the Yoast SEO plugin v27.3 - https:\/\/yoast.com\/product\/yoast-seo-wordpress\/ -->\n<title>FOODIMPROVIDERS EU Project \u2013 Objectives, Impact &amp; Consortium<\/title>\n<meta name=\"description\" content=\"FOODIMPROVIDERS is an EU-funded project focused on improving food innovation management skills among providers and professionals. Learn about the project objectives, expected impact, work plan, and international partner consortium supporting sustainable food systems and capacity building across Europe.\" \/>\n<meta name=\"robots\" content=\"index, follow, max-snippet:-1, max-image-preview:large, max-video-preview:-1\" \/>\n<link rel=\"canonical\" href=\"https:\/\/foodimproviders.eu\/es\/foodimproviders-project\/\" \/>\n<meta property=\"og:locale\" content=\"es_ES\" \/>\n<meta property=\"og:type\" content=\"article\" \/>\n<meta property=\"og:title\" content=\"FOODIMPROVIDERS EU Project \u2013 Objectives, Impact &amp; Consortium\" \/>\n<meta property=\"og:description\" content=\"FOODIMPROVIDERS is an EU-funded project focused on improving food innovation management skills among providers and professionals. Learn about the project objectives, expected impact, work plan, and international partner consortium supporting sustainable food systems and capacity building across Europe.\" \/>\n<meta property=\"og:url\" content=\"https:\/\/foodimproviders.eu\/es\/foodimproviders-project\/\" \/>\n<meta property=\"og:site_name\" content=\"Food Improviders\" \/>\n<meta property=\"article:modified_time\" content=\"2025-12-23T13:34:50+00:00\" \/>\n<meta name=\"twitter:card\" content=\"summary_large_image\" \/>\n<meta name=\"twitter:label1\" content=\"Tiempo de lectura\" \/>\n\t<meta name=\"twitter:data1\" content=\"5 minutos\" \/>\n<script type=\"application\/ld+json\" class=\"yoast-schema-graph\">{\"@context\":\"https:\\\/\\\/schema.org\",\"@graph\":[{\"@type\":\"WebPage\",\"@id\":\"https:\\\/\\\/foodimproviders.eu\\\/foodimproviders-project\\\/\",\"url\":\"https:\\\/\\\/foodimproviders.eu\\\/foodimproviders-project\\\/\",\"name\":\"FOODIMPROVIDERS EU Project \u2013 Objectives, Impact & Consortium\",\"isPartOf\":{\"@id\":\"https:\\\/\\\/foodimproviders.eu\\\/hu\\\/#website\"},\"datePublished\":\"2021-02-10T08:04:39+00:00\",\"dateModified\":\"2025-12-23T13:34:50+00:00\",\"description\":\"FOODIMPROVIDERS is an EU-funded project focused on improving food innovation management skills among providers and professionals. Learn about the project objectives, expected impact, work plan, and international partner consortium supporting sustainable food systems and capacity building across Europe.\",\"breadcrumb\":{\"@id\":\"https:\\\/\\\/foodimproviders.eu\\\/foodimproviders-project\\\/#breadcrumb\"},\"inLanguage\":\"es\",\"potentialAction\":[{\"@type\":\"ReadAction\",\"target\":[\"https:\\\/\\\/foodimproviders.eu\\\/foodimproviders-project\\\/\"]}]},{\"@type\":\"BreadcrumbList\",\"@id\":\"https:\\\/\\\/foodimproviders.eu\\\/foodimproviders-project\\\/#breadcrumb\",\"itemListElement\":[{\"@type\":\"ListItem\",\"position\":1,\"name\":\"Home\",\"item\":\"https:\\\/\\\/foodimproviders.eu\\\/hu\\\/\"},{\"@type\":\"ListItem\",\"position\":2,\"name\":\"Project\"}]},{\"@type\":\"WebSite\",\"@id\":\"https:\\\/\\\/foodimproviders.eu\\\/hu\\\/#website\",\"url\":\"https:\\\/\\\/foodimproviders.eu\\\/hu\\\/\",\"name\":\"Food Improviders\",\"description\":\"Showcase website of the Erasmus+ Strategic partnership FOOD IMPROV&#039;IDERS aiming to facilitate the uptake of short food supply chain by EU food producers.\",\"potentialAction\":[{\"@type\":\"SearchAction\",\"target\":{\"@type\":\"EntryPoint\",\"urlTemplate\":\"https:\\\/\\\/foodimproviders.eu\\\/hu\\\/?s={search_term_string}\"},\"query-input\":{\"@type\":\"PropertyValueSpecification\",\"valueRequired\":true,\"valueName\":\"search_term_string\"}}],\"inLanguage\":\"es\"}]}<\/script>\n<!-- \/ Yoast SEO plugin. -->","yoast_head_json":{"title":"FOODIMPROVIDERS EU Project \u2013 Objectives, Impact & Consortium","description":"FOODIMPROVIDERS is an EU-funded project focused on improving food innovation management skills among providers and professionals. Learn about the project objectives, expected impact, work plan, and international partner consortium supporting sustainable food systems and capacity building across Europe.","robots":{"index":"index","follow":"follow","max-snippet":"max-snippet:-1","max-image-preview":"max-image-preview:large","max-video-preview":"max-video-preview:-1"},"canonical":"https:\/\/foodimproviders.eu\/es\/foodimproviders-project\/","og_locale":"es_ES","og_type":"article","og_title":"FOODIMPROVIDERS EU Project \u2013 Objectives, Impact & Consortium","og_description":"FOODIMPROVIDERS is an EU-funded project focused on improving food innovation management skills among providers and professionals. Learn about the project objectives, expected impact, work plan, and international partner consortium supporting sustainable food systems and capacity building across Europe.","og_url":"https:\/\/foodimproviders.eu\/es\/foodimproviders-project\/","og_site_name":"Food Improviders","article_modified_time":"2025-12-23T13:34:50+00:00","twitter_card":"summary_large_image","twitter_misc":{"Tiempo de lectura":"5 minutos"},"schema":{"@context":"https:\/\/schema.org","@graph":[{"@type":"WebPage","@id":"https:\/\/foodimproviders.eu\/foodimproviders-project\/","url":"https:\/\/foodimproviders.eu\/foodimproviders-project\/","name":"FOODIMPROVIDERS EU Project \u2013 Objectives, Impact & Consortium","isPartOf":{"@id":"https:\/\/foodimproviders.eu\/hu\/#website"},"datePublished":"2021-02-10T08:04:39+00:00","dateModified":"2025-12-23T13:34:50+00:00","description":"FOODIMPROVIDERS is an EU-funded project focused on improving food innovation management skills among providers and professionals. Learn about the project objectives, expected impact, work plan, and international partner consortium supporting sustainable food systems and capacity building across Europe.","breadcrumb":{"@id":"https:\/\/foodimproviders.eu\/foodimproviders-project\/#breadcrumb"},"inLanguage":"es","potentialAction":[{"@type":"ReadAction","target":["https:\/\/foodimproviders.eu\/foodimproviders-project\/"]}]},{"@type":"BreadcrumbList","@id":"https:\/\/foodimproviders.eu\/foodimproviders-project\/#breadcrumb","itemListElement":[{"@type":"ListItem","position":1,"name":"Home","item":"https:\/\/foodimproviders.eu\/hu\/"},{"@type":"ListItem","position":2,"name":"Project"}]},{"@type":"WebSite","@id":"https:\/\/foodimproviders.eu\/hu\/#website","url":"https:\/\/foodimproviders.eu\/hu\/","name":"Proveedores de alimentos","description":"P\u00e1gina web de presentaci\u00f3n de la asociaci\u00f3n estrat\u00e9gica Erasmus+ FOOD IMPROV'IDERS, cuyo objetivo es facilitar la adopci\u00f3n de la cadena corta de suministro de alimentos por parte de los productores de alimentos de la UE.","potentialAction":[{"@type":"SearchAction","target":{"@type":"EntryPoint","urlTemplate":"https:\/\/foodimproviders.eu\/hu\/?s={search_term_string}"},"query-input":{"@type":"PropertyValueSpecification","valueRequired":true,"valueName":"search_term_string"}}],"inLanguage":"es"}]}},"_links":{"self":[{"href":"https:\/\/foodimproviders.eu\/es\/wp-json\/wp\/v2\/pages\/42","targetHints":{"allow":["GET"]}}],"collection":[{"href":"https:\/\/foodimproviders.eu\/es\/wp-json\/wp\/v2\/pages"}],"about":[{"href":"https:\/\/foodimproviders.eu\/es\/wp-json\/wp\/v2\/types\/page"}],"author":[{"embeddable":true,"href":"https:\/\/foodimproviders.eu\/es\/wp-json\/wp\/v2\/users\/1"}],"replies":[{"embeddable":true,"href":"https:\/\/foodimproviders.eu\/es\/wp-json\/wp\/v2\/comments?post=42"}],"version-history":[{"count":0,"href":"https:\/\/foodimproviders.eu\/es\/wp-json\/wp\/v2\/pages\/42\/revisions"}],"wp:attachment":[{"href":"https:\/\/foodimproviders.eu\/es\/wp-json\/wp\/v2\/media?parent=42"}],"curies":[{"name":"wp","href":"https:\/\/api.w.org\/{rel}","templated":true}]}}