{"id":3,"date":"2021-02-09T14:16:36","date_gmt":"2021-02-09T14:16:36","guid":{"rendered":"https:\/\/foodimproviders.eu\/?page_id=3"},"modified":"2023-03-08T13:58:26","modified_gmt":"2023-03-08T13:58:26","slug":"privacy-policy","status":"publish","type":"page","link":"https:\/\/foodimproviders.eu\/fr\/privacy-policy\/","title":{"rendered":"Politique de confidentialit\u00e9"},"content":{"rendered":"<h2 class=\"wp-block-heading\"><\/h2>\n\n\n\n<p><\/p>\n\n\n\n<p><strong>Projet Foodimprov'iders<\/strong>&nbsp;<\/p>\n\n\n\n<p><strong>FOODIMPROV'IDERS - Fournir aux producteurs des connaissances adapt\u00e9es afin de d\u00e9velopper de nouveaux mod\u00e8les de cha\u00eene alimentaire durable permettant d'am\u00e9liorer leurs revenus et la satisfaction des consommateurs.<\/strong>(ci-apr\u00e8s d\u00e9nomm\u00e9 \"<strong>AM\u00c9LIORATION DE L'ALIMENTATION<\/strong>\", \" nous \", \" notre \" ou \" nos \") est un projet Erasmus+ coordonn\u00e9 par l'ANIA et r\u00e9unissant des partenaires internationaux aux exp\u00e9riences vari\u00e9es : <a href=\"https:\/\/foodimproviders.eu\/fr\/foodimproviders-project\/#partners\" target=\"_blank\" rel=\"noreferrer noopener\"><strong>https:\/\/foodimproviders.eu\/foodimproviders-project\/#partners<\/strong><\/a>. Europroject g\u00e8re ce site web (\"le Service\") au nom des membres du consortium Foodimprov'iders.&nbsp;<\/p>\n\n\n\n<p><strong>Politique des donn\u00e9es<\/strong>&nbsp;<\/p>\n\n\n\n<p>Notre politique en mati\u00e8re de donn\u00e9es a pour but de d\u00e9crire la mani\u00e8re dont nous utilisons les donn\u00e9es personnelles que vous nous fournissez lors de votre visite sur le site web de l'Union europ\u00e9enne. <strong>AM\u00c9LIORATION DE L'ALIMENTATION<\/strong><strong> <\/strong>site web. Nous attachons la plus grande importance \u00e0 la protection de votre vie priv\u00e9e et \u00e0 la s\u00e9curit\u00e9 de vos donn\u00e9es. Bien qu'aucune m\u00e9thode de transmission de donn\u00e9es sur l'internet, ni d'ailleurs aucune m\u00e9thode de stockage \u00e9lectronique, ne soit s\u00fbre \u00e0 cent pour cent, nous veillerons \u00e0 ce que tout traitement de donn\u00e9es que nous utilisons mette \u00e9galement en \u0153uvre des mesures de s\u00e9curit\u00e9 techniques et organisationnelles appropri\u00e9es pour prot\u00e9ger les informations que vous nous avez fournies.&nbsp;<\/p>\n\n\n\n<p><strong>Donn\u00e9es personnelles&nbsp;<\/strong>&nbsp;<\/p>\n\n\n\n<p>Lors de l'utilisation de notre service, nous pouvons vous demander de nous fournir certaines informations personnellement identifiables qui peuvent \u00eatre utilis\u00e9es pour vous contacter ou vous identifier. Les donn\u00e9es personnelles peuvent inclure votre adresse \u00e9lectronique, votre pr\u00e9nom et votre nom, des cookies et\/ou des donn\u00e9es d'utilisation.&nbsp;<\/p>\n\n\n\n<p>Nous traiterons vos donn\u00e9es personnelles conform\u00e9ment \u00e0 la l\u00e9gislation sur la protection des donn\u00e9es, y compris les lois sur la protection des donn\u00e9es de 1988 \u00e0 2018, le r\u00e8glement g\u00e9n\u00e9ral sur la protection des donn\u00e9es (UE) 2018\/1725, et toute autre loi ou r\u00e9glementation nationale ou internationale applicable. En aucun cas, nous ne partagerons vos Donn\u00e9es personnelles sans votre consentement, sauf si la loi l'exige (\u00e0 l'exception de ce qui est indiqu\u00e9 dans la pr\u00e9sente Politique). Dans certaines circonstances, vos Donn\u00e9es personnelles peuvent \u00eatre partag\u00e9es avec la Commission europ\u00e9enne, auquel cas vos Donn\u00e9es personnelles seront trait\u00e9es conform\u00e9ment \u00e0 la Politique de confidentialit\u00e9 de la Commission europ\u00e9enne disponible \u00e0 l'adresse suivante :<a href=\"https:\/\/ec.europa.eu\/info\/privacy-policy_en\" target=\"_blank\" rel=\"noreferrer noopener\">https:\/\/ec.europa.eu\/info\/privacy-policy_en<\/a>.&nbsp;<\/p>\n\n\n\n<p>Si cela s'av\u00e8re n\u00e9cessaire, nous ne pouvons divulguer vos donn\u00e9es personnelles qu'en toute bonne foi : i) pour nous conformer \u00e0 une obligation l\u00e9gale ; ii) pour prot\u00e9ger la vie priv\u00e9e des personnes concern\u00e9es ; iii) pour prot\u00e9ger la vie priv\u00e9e des personnes concern\u00e9es ; iv) pour prot\u00e9ger la sant\u00e9 publique. <strong>AM\u00c9LIORATION DE L'ALIMENTATION <\/strong>droits ou la propri\u00e9t\u00e9 ; iii) pr\u00e9venir ou enqu\u00eater sur d'\u00e9ventuels actes r\u00e9pr\u00e9hensibles en rapport avec le service ; iv) prot\u00e9ger la s\u00e9curit\u00e9 personnelle des utilisateurs du service ou du public ; v) se pr\u00e9munir contre la responsabilit\u00e9 l\u00e9gale.&nbsp;<\/p>\n\n\n\n<p><strong>Donn\u00e9es d'utilisation<\/strong>&nbsp;<\/p>\n\n\n\n<p>Nous pouvons \u00e9galement recueillir des informations sur la mani\u00e8re dont le service est consult\u00e9 et utilis\u00e9 (\"donn\u00e9es d'utilisation\"). Ces donn\u00e9es d'utilisation peuvent inclure des informations telles que l'adresse IP (Internet Protocol) de votre ordinateur, le type de navigateur, la version du navigateur, les pages de notre service que vous visitez, l'heure et la date de votre visite, le temps pass\u00e9 sur ces pages, les identifiants uniques de l'appareil et d'autres donn\u00e9es de diagnostic.&nbsp;<\/p>\n\n\n\n<p><strong>Donn\u00e9es analytiques<\/strong>&nbsp;<\/p>\n\n\n\n<p>Nous recueillons des donn\u00e9es analytiques par le biais de Google Analytics. Ces donn\u00e9es sont collect\u00e9es au niveau macro, sur la base de tous les visiteurs du site web. Toutes les donn\u00e9es analytiques sont anonymes et ne peuvent donc pas \u00eatre identifi\u00e9es personnellement.&nbsp;<\/p>\n\n\n\n<p><strong>Donn\u00e9es sur le suivi et les cookies<\/strong>&nbsp;<\/p>\n\n\n\n<p>Nous utilisons des cookies et des technologies de suivi similaires pour suivre l'activit\u00e9 sur notre service et conserver certaines informations.&nbsp;<\/p>\n\n\n\n<p>Les cookies sont des fichiers contenant une petite quantit\u00e9 de donn\u00e9es qui peuvent inclure un identifiant unique anonyme. Les cookies sont envoy\u00e9s \u00e0 votre navigateur par un site web et stock\u00e9s sur votre appareil. Les technologies de suivi \u00e9galement utilis\u00e9es sont les balises, les tags et les scripts pour collecter et suivre les informations et pour am\u00e9liorer et analyser notre service.&nbsp;<\/p>\n\n\n\n<p>Vous pouvez configurer votre navigateur pour qu'il refuse tous les cookies ou pour qu'il vous indique quand un cookie est envoy\u00e9. Toutefois, si vous n'acceptez pas les cookies, il se peut que vous ne puissiez pas utiliser certaines parties de notre service.&nbsp;<\/p>\n\n\n\n<p>Exemples de cookies que nous utilisons :&nbsp;<br><strong>- Cookies de session -<\/strong> Nous utilisons des cookies de session pour faire fonctionner notre service&nbsp;<br>- <strong>Cookies de pr\u00e9f\u00e9rence<\/strong> - Nous utilisons des cookies de pr\u00e9f\u00e9rence pour m\u00e9moriser vos pr\u00e9f\u00e9rences et divers param\u00e8tres.&nbsp;<br>- <strong>Cookies de s\u00e9curit\u00e9<\/strong> - Nous utilisons des cookies de s\u00e9curit\u00e9 \u00e0 des fins de s\u00e9curit\u00e9.&nbsp;<\/p>\n\n\n\n<p><strong>Politique en mati\u00e8re de cookies<\/strong>&nbsp;<\/p>\n\n\n\n<p>Notre site web utilise des cookies pour vous distinguer des autres utilisateurs de notre site. En g\u00e9n\u00e9ral, les cookies sont utilis\u00e9s pour conserver les pr\u00e9f\u00e9rences des utilisateurs, stocker des informations pour des \u00e9l\u00e9ments tels que les paniers d'achat et fournir des donn\u00e9es de suivi anonymes. En r\u00e8gle g\u00e9n\u00e9rale, les cookies am\u00e9liorent votre exp\u00e9rience de navigation. Toutefois, il se peut que vous pr\u00e9f\u00e9riez d\u00e9sactiver les cookies sur ce site et sur d'autres. La mani\u00e8re la plus efficace de le faire est de d\u00e9sactiver les cookies dans votre navigateur. Nous vous sugg\u00e9rons de consulter la section Aide de votre navigateur ou de jeter un coup d'\u0153il \u00e0 la page d'accueil du site.<a href=\"https:\/\/www.aboutcookies.org\/\" target=\"_blank\" rel=\"noreferrer noopener\">\u00c0 propos des cookies<\/a>qui propose des conseils pour tous les navigateurs modernes.&nbsp;<\/p>\n\n\n\n<p><strong>Liens de tiers<\/strong>&nbsp;<\/p>\n\n\n\n<p>Notre service peut contenir des hyperliens vers des sites web d\u00e9tenus et exploit\u00e9s par des tiers. Ces sites web tiers ont leurs propres politiques de confidentialit\u00e9, y compris en mati\u00e8re de cookies. Nous n'acceptons aucune responsabilit\u00e9 quant aux pratiques de confidentialit\u00e9 de ces sites web tiers et votre utilisation de ces sites web se fait \u00e0 vos risques et p\u00e9rils.&nbsp;<\/p>\n\n\n\n<p><strong>FOODIMPROV'IDERS Modifications de la politique de confidentialit\u00e9<\/strong>&nbsp;<\/p>\n\n\n\n<p>Notre politique de confidentialit\u00e9 peut \u00eatre mise \u00e0 jour de temps \u00e0 autre. Nous vous conseillons de la consulter r\u00e9guli\u00e8rement. Toute modification de notre politique de confidentialit\u00e9 sera publi\u00e9e sur cette page.&nbsp;<\/p>\n\n\n\n<p><strong>Contactez nous<\/strong>&nbsp;<\/p>\n\n\n\n<p>Si vous avez des questions ou si vous souhaitez en savoir plus sur la politique de confidentialit\u00e9 de FOODIMPROV'IDERS, n'h\u00e9sitez pas \u00e0 nous contacter \u00e0 l'adresse suivante<a href=\"mailto:galina.ivanova@europroject.bg\" target=\"_blank\" rel=\"noreferrer noopener\">galina.ivanova@europroject.bg<\/a>.&nbsp;&nbsp;&nbsp;<\/p>","protected":false},"excerpt":{"rendered":"<p>Foodimprov\u2019iders project&nbsp; FOODIMPROV\u2019IDERS \u2013 Provide producers with fit-for-purpose knowledge to develop new sustainable food chain models improving their revenue and enhancing consumers\u2019 satisfaction\u202f(hereinafter referred to as \u201cFOODIMPROV\u2019IDERS\u201d, \u201cwe\u201d, \u201cus\u201d or [&hellip;]<\/p>\n","protected":false},"author":1,"featured_media":0,"parent":0,"menu_order":0,"comment_status":"closed","ping_status":"closed","template":"","meta":{"_et_pb_use_builder":"","_et_pb_old_content":"","_et_gb_content_width":"1080","footnotes":""},"class_list":["post-3","page","type-page","status-publish","hentry"],"yoast_head":"<!-- This site is optimized with the Yoast SEO plugin v27.3 - https:\/\/yoast.com\/product\/yoast-seo-wordpress\/ -->\n<title>Privacy Policy - Food Improviders<\/title>\n<meta name=\"robots\" content=\"index, follow, max-snippet:-1, max-image-preview:large, max-video-preview:-1\" \/>\n<link rel=\"canonical\" href=\"https:\/\/foodimproviders.eu\/fr\/privacy-policy\/\" \/>\n<meta property=\"og:locale\" content=\"fr_FR\" \/>\n<meta property=\"og:type\" content=\"article\" \/>\n<meta property=\"og:title\" content=\"Privacy Policy - Food Improviders\" \/>\n<meta property=\"og:description\" content=\"Foodimprov\u2019iders project&nbsp; FOODIMPROV\u2019IDERS \u2013 Provide producers with fit-for-purpose knowledge to develop new sustainable food chain models improving their revenue and enhancing consumers\u2019 satisfaction\u202f(hereinafter referred to as \u201cFOODIMPROV\u2019IDERS\u201d, \u201cwe\u201d, \u201cus\u201d or [&hellip;]\" \/>\n<meta property=\"og:url\" content=\"https:\/\/foodimproviders.eu\/fr\/privacy-policy\/\" \/>\n<meta property=\"og:site_name\" content=\"Food Improviders\" \/>\n<meta property=\"article:modified_time\" content=\"2023-03-08T13:58:26+00:00\" \/>\n<meta name=\"twitter:card\" content=\"summary_large_image\" \/>\n<meta name=\"twitter:label1\" content=\"Dur\u00e9e de lecture estim\u00e9e\" \/>\n\t<meta name=\"twitter:data1\" content=\"4 minutes\" \/>\n<script type=\"application\/ld+json\" class=\"yoast-schema-graph\">{\"@context\":\"https:\\\/\\\/schema.org\",\"@graph\":[{\"@type\":\"WebPage\",\"@id\":\"https:\\\/\\\/foodimproviders.eu\\\/privacy-policy\\\/\",\"url\":\"https:\\\/\\\/foodimproviders.eu\\\/privacy-policy\\\/\",\"name\":\"Privacy Policy - Food Improviders\",\"isPartOf\":{\"@id\":\"https:\\\/\\\/foodimproviders.eu\\\/hu\\\/#website\"},\"datePublished\":\"2021-02-09T14:16:36+00:00\",\"dateModified\":\"2023-03-08T13:58:26+00:00\",\"breadcrumb\":{\"@id\":\"https:\\\/\\\/foodimproviders.eu\\\/privacy-policy\\\/#breadcrumb\"},\"inLanguage\":\"fr-FR\",\"potentialAction\":[{\"@type\":\"ReadAction\",\"target\":[\"https:\\\/\\\/foodimproviders.eu\\\/privacy-policy\\\/\"]}]},{\"@type\":\"BreadcrumbList\",\"@id\":\"https:\\\/\\\/foodimproviders.eu\\\/privacy-policy\\\/#breadcrumb\",\"itemListElement\":[{\"@type\":\"ListItem\",\"position\":1,\"name\":\"Home\",\"item\":\"https:\\\/\\\/foodimproviders.eu\\\/hu\\\/\"},{\"@type\":\"ListItem\",\"position\":2,\"name\":\"Privacy Policy\"}]},{\"@type\":\"WebSite\",\"@id\":\"https:\\\/\\\/foodimproviders.eu\\\/hu\\\/#website\",\"url\":\"https:\\\/\\\/foodimproviders.eu\\\/hu\\\/\",\"name\":\"Food Improviders\",\"description\":\"Showcase website of the Erasmus+ Strategic partnership FOOD IMPROV&#039;IDERS aiming to facilitate the uptake of short food supply chain by EU food producers.\",\"potentialAction\":[{\"@type\":\"SearchAction\",\"target\":{\"@type\":\"EntryPoint\",\"urlTemplate\":\"https:\\\/\\\/foodimproviders.eu\\\/hu\\\/?s={search_term_string}\"},\"query-input\":{\"@type\":\"PropertyValueSpecification\",\"valueRequired\":true,\"valueName\":\"search_term_string\"}}],\"inLanguage\":\"fr-FR\"}]}<\/script>\n<!-- \/ Yoast SEO plugin. -->","yoast_head_json":{"title":"Privacy Policy - Food Improviders","robots":{"index":"index","follow":"follow","max-snippet":"max-snippet:-1","max-image-preview":"max-image-preview:large","max-video-preview":"max-video-preview:-1"},"canonical":"https:\/\/foodimproviders.eu\/fr\/privacy-policy\/","og_locale":"fr_FR","og_type":"article","og_title":"Privacy Policy - Food Improviders","og_description":"Foodimprov\u2019iders project&nbsp; FOODIMPROV\u2019IDERS \u2013 Provide producers with fit-for-purpose knowledge to develop new sustainable food chain models improving their revenue and enhancing consumers\u2019 satisfaction\u202f(hereinafter referred to as \u201cFOODIMPROV\u2019IDERS\u201d, \u201cwe\u201d, \u201cus\u201d or [&hellip;]","og_url":"https:\/\/foodimproviders.eu\/fr\/privacy-policy\/","og_site_name":"Food Improviders","article_modified_time":"2023-03-08T13:58:26+00:00","twitter_card":"summary_large_image","twitter_misc":{"Dur\u00e9e de lecture estim\u00e9e":"4 minutes"},"schema":{"@context":"https:\/\/schema.org","@graph":[{"@type":"WebPage","@id":"https:\/\/foodimproviders.eu\/privacy-policy\/","url":"https:\/\/foodimproviders.eu\/privacy-policy\/","name":"Privacy Policy - Food Improviders","isPartOf":{"@id":"https:\/\/foodimproviders.eu\/hu\/#website"},"datePublished":"2021-02-09T14:16:36+00:00","dateModified":"2023-03-08T13:58:26+00:00","breadcrumb":{"@id":"https:\/\/foodimproviders.eu\/privacy-policy\/#breadcrumb"},"inLanguage":"fr-FR","potentialAction":[{"@type":"ReadAction","target":["https:\/\/foodimproviders.eu\/privacy-policy\/"]}]},{"@type":"BreadcrumbList","@id":"https:\/\/foodimproviders.eu\/privacy-policy\/#breadcrumb","itemListElement":[{"@type":"ListItem","position":1,"name":"Home","item":"https:\/\/foodimproviders.eu\/hu\/"},{"@type":"ListItem","position":2,"name":"Privacy Policy"}]},{"@type":"WebSite","@id":"https:\/\/foodimproviders.eu\/hu\/#website","url":"https:\/\/foodimproviders.eu\/hu\/","name":"Fournisseurs de denr\u00e9es alimentaires","description":"Site vitrine du partenariat strat\u00e9gique Erasmus+ FOOD IMPROV&#039;IDERS visant \u00e0 faciliter l'adoption de la cha\u00eene d'approvisionnement alimentaire courte par les producteurs de denr\u00e9es alimentaires de l'UE.","potentialAction":[{"@type":"SearchAction","target":{"@type":"EntryPoint","urlTemplate":"https:\/\/foodimproviders.eu\/hu\/?s={search_term_string}"},"query-input":{"@type":"PropertyValueSpecification","valueRequired":true,"valueName":"search_term_string"}}],"inLanguage":"fr-FR"}]}},"_links":{"self":[{"href":"https:\/\/foodimproviders.eu\/fr\/wp-json\/wp\/v2\/pages\/3","targetHints":{"allow":["GET"]}}],"collection":[{"href":"https:\/\/foodimproviders.eu\/fr\/wp-json\/wp\/v2\/pages"}],"about":[{"href":"https:\/\/foodimproviders.eu\/fr\/wp-json\/wp\/v2\/types\/page"}],"author":[{"embeddable":true,"href":"https:\/\/foodimproviders.eu\/fr\/wp-json\/wp\/v2\/users\/1"}],"replies":[{"embeddable":true,"href":"https:\/\/foodimproviders.eu\/fr\/wp-json\/wp\/v2\/comments?post=3"}],"version-history":[{"count":0,"href":"https:\/\/foodimproviders.eu\/fr\/wp-json\/wp\/v2\/pages\/3\/revisions"}],"wp:attachment":[{"href":"https:\/\/foodimproviders.eu\/fr\/wp-json\/wp\/v2\/media?parent=3"}],"curies":[{"name":"wp","href":"https:\/\/api.w.org\/{rel}","templated":true}]}}