{"id":443,"date":"2023-09-26T14:35:13","date_gmt":"2023-09-26T14:35:13","guid":{"rendered":"https:\/\/foodimproviders.eu\/?page_id=443"},"modified":"2025-12-23T13:36:51","modified_gmt":"2025-12-23T13:36:51","slug":"deliverables","status":"publish","type":"page","link":"https:\/\/foodimproviders.eu\/fr\/deliverables\/","title":{"rendered":"Produits \u00e0 livrer"},"content":{"rendered":"\n[et_pb_section fb_built=&#8221;1&#8243; _builder_version=&#8221;4.22.2&#8243; _module_preset=&#8221;default&#8221; global_colors_info=&#8221;{}&#8221;][et_pb_row _builder_version=&#8221;4.22.2&#8243; _module_preset=&#8221;default&#8221; global_colors_info=&#8221;{}&#8221;][et_pb_column type=&#8221;4_4&#8243; _builder_version=&#8221;4.22.2&#8243; _module_preset=&#8221;default&#8221; global_colors_info=&#8221;{}&#8221;][et_pb_heading title=&#8221;Deliverables&#8221; _builder_version=&#8221;4.22.2&#8243; _module_preset=&#8221;default&#8221; global_colors_info=&#8221;{}&#8221;][\/et_pb_heading][\/et_pb_column][\/et_pb_row][\/et_pb_section][et_pb_section fb_built=&#8221;1&#8243; _builder_version=&#8221;4.22.2&#8243; _module_preset=&#8221;default&#8221; background_image=&#8221;https:\/\/foodimproviders.eu\/wp-content\/uploads\/2023\/10\/Food.png&#8221; background_size=&#8221;contain&#8221; custom_padding=&#8221;0px|||||&#8221; global_colors_info=&#8221;{}&#8221;][et_pb_row _builder_version=&#8221;4.22.2&#8243; _module_preset=&#8221;default&#8221; global_colors_info=&#8221;{}&#8221;][et_pb_column type=&#8221;4_4&#8243; _builder_version=&#8221;4.22.2&#8243; _module_preset=&#8221;default&#8221; global_colors_info=&#8221;{}&#8221;][et_pb_toggle title=&#8221;D1.1. Best practices guide on short food chains models development and implementation&#8221; use_icon_font_size=&#8221;on&#8221; icon_font_size=&#8221;25px&#8221; open_use_icon_font_size=&#8221;on&#8221; open_icon_font_size=&#8221;25px&#8221; _builder_version=&#8221;4.22.2&#8243; _module_preset=&#8221;default&#8221; global_colors_info=&#8221;{}&#8221;]<p>Leading partner: ANIA Type: Report Level of confidentiality: PU<\/p>\n<p><a href=\"https:\/\/foodimproviders.eu\/wp-content\/uploads\/2023\/10\/Foodimproviders-Deliverables-1.1.pdf\">Download the deliverable<\/a><\/p>[\/et_pb_toggle][et_pb_toggle title=&#8221;D1.2. Recommendations report for policy-makers &#8221; use_icon_font_size=&#8221;on&#8221; icon_font_size=&#8221;25px&#8221; open_use_icon_font_size=&#8221;on&#8221; open_icon_font_size=&#8221;25px&#8221; _builder_version=&#8221;4.22.2&#8243; _module_preset=&#8221;default&#8221; global_colors_info=&#8221;{}&#8221;]<p>Leading partner: ANIA Type: Report Level of confidentiality: PU<\/p>\n<p><a href=\"https:\/\/foodimproviders.eu\/wp-content\/uploads\/2023\/10\/Foodimproviders-Deliverables-1.2.pdf\">Download the deliverable<\/a><\/p>[\/et_pb_toggle][et_pb_toggle title=&#8221;D1.3. Stakeholders\u2019 feedback report on learners\u2019 needs, requirements and learning preferences&#8221; use_icon_font_size=&#8221;on&#8221; icon_font_size=&#8221;25px&#8221; open_use_icon_font_size=&#8221;on&#8221; open_icon_font_size=&#8221;25px&#8221; _builder_version=&#8221;4.22.2&#8243; _module_preset=&#8221;default&#8221; global_colors_info=&#8221;{}&#8221;]<p>Leading partner: ANIA\u00a0\u00a0\u00a0 Type: Report\u00a0\u00a0\u00a0\u00a0\u00a0\u00a0 Level of confidentiality: CO<\/p>\n<p><em>Please contact the project partners for more information<\/em><\/p>[\/et_pb_toggle][et_pb_toggle title=&#8221;D1.4. Pedagogical requirements and quality standards &#8221; use_icon_font_size=&#8221;on&#8221; icon_font_size=&#8221;25px&#8221; open_use_icon_font_size=&#8221;on&#8221; open_icon_font_size=&#8221;25px&#8221; _builder_version=&#8221;4.22.2&#8243; _module_preset=&#8221;default&#8221; global_colors_info=&#8221;{}&#8221;]<p>Leading partner: UP Type: DEM Level of confidentiality: PU<\/p>\n<p><a href=\"https:\/\/platform.foodimproviders.eu\/\">Check the Foodimprov\u2019iders platform<\/a><\/p>[\/et_pb_toggle][et_pb_toggle title=&#8221;D1.5. Raw learning contents and internal assessment&#8221; use_icon_font_size=&#8221;on&#8221; icon_font_size=&#8221;25px&#8221; open_use_icon_font_size=&#8221;on&#8221; open_icon_font_size=&#8221;25px&#8221; _builder_version=&#8221;4.22.2&#8243; _module_preset=&#8221;default&#8221; global_colors_info=&#8221;{}&#8221;]<p>Leading partner: UP Type: DEM Level of confidentiality: PU<\/p>\n<p><a href=\"https:\/\/foodimproviders.eu\/wp-content\/uploads\/2023\/10\/Foodimproviders-Deliverables-1.5.pdf\">Download the deliverable<\/a><\/p>[\/et_pb_toggle][et_pb_toggle title=&#8221;D1.6. Stakeholders\u2019 feedback main findings report&#8221; use_icon_font_size=&#8221;on&#8221; icon_font_size=&#8221;25px&#8221; open_use_icon_font_size=&#8221;on&#8221; open_icon_font_size=&#8221;25px&#8221; _builder_version=&#8221;4.22.2&#8243; _module_preset=&#8221;default&#8221; global_colors_info=&#8221;{}&#8221;]<p>Leading partner: UP\u00a0\u00a0\u00a0\u00a0\u00a0\u00a0\u00a0 Type: Report\u00a0\u00a0\u00a0\u00a0\u00a0\u00a0 Level of confidentiality: PU<\/p>\n<p><a href=\"https:\/\/foodimproviders.eu\/wp-content\/uploads\/2023\/10\/Foodimproviders-Deliverables-1.6.pdf\">Download the deliverable<\/a><\/p>[\/et_pb_toggle][et_pb_toggle title=&#8221;D1.7. Improved raw training contents&#8221; use_icon_font_size=&#8221;on&#8221; icon_font_size=&#8221;25px&#8221; open_use_icon_font_size=&#8221;on&#8221; open_icon_font_size=&#8221;25px&#8221; _builder_version=&#8221;4.22.2&#8243; _module_preset=&#8221;default&#8221; global_colors_info=&#8221;{}&#8221;]<p>Leading partner: UP\u00a0\u00a0\u00a0\u00a0\u00a0\u00a0\u00a0 Type: DEM\u00a0\u00a0\u00a0\u00a0\u00a0\u00a0\u00a0\u00a0\u00a0 Level of confidentiality: PU<\/p>\n<p><a href=\"https:\/\/platform.foodimproviders.eu\/\">Check the Foodimprov\u2019iders platform<\/a><\/p>[\/et_pb_toggle][et_pb_toggle title=&#8221;D2.1. E-learning platform specifications&#8221; use_icon_font_size=&#8221;on&#8221; icon_font_size=&#8221;25px&#8221; open_use_icon_font_size=&#8221;on&#8221; open_icon_font_size=&#8221;25px&#8221; _builder_version=&#8221;4.22.2&#8243; _module_preset=&#8221;default&#8221; global_colors_info=&#8221;{}&#8221;]<p>Leading partner: EP Type: Report Level of confidentiality: PU<\/p>\n<p><a href=\"https:\/\/foodimproviders.eu\/wp-content\/uploads\/2023\/10\/Foodimproviders-Deliverables-2.1.pdf\">Download the deliverable<\/a><\/p>[\/et_pb_toggle][et_pb_toggle title=&#8221;D2.2. E-learning platform developed&#8221; use_icon_font_size=&#8221;on&#8221; icon_font_size=&#8221;25px&#8221; open_use_icon_font_size=&#8221;on&#8221; open_icon_font_size=&#8221;25px&#8221; _builder_version=&#8221;4.22.2&#8243; _module_preset=&#8221;default&#8221; global_colors_info=&#8221;{}&#8221;]<p>Leading partner: EP Type: DEM Level of confidentiality: PU<\/p>\n<p><a href=\"https:\/\/platform.foodimproviders.eu\/\">Check the Foodimprov\u2019iders platform <\/a><\/p>[\/et_pb_toggle][et_pb_toggle title=&#8221;D2.3. Pedagogical contents adapted for online education on the e-learning platform&#8221; use_icon_font_size=&#8221;on&#8221; icon_font_size=&#8221;25px&#8221; open_use_icon_font_size=&#8221;on&#8221; open_icon_font_size=&#8221;25px&#8221; _builder_version=&#8221;4.22.2&#8243; _module_preset=&#8221;default&#8221; global_colors_info=&#8221;{}&#8221;]<p>Leading partner: EKU Type: DEM Level of confidentiality: PU<\/p>\n<p><a href=\"https:\/\/platform.foodimproviders.eu\/\">Check the Foodimprov\u2019iders platform <\/a><\/p>[\/et_pb_toggle][et_pb_toggle title=&#8221;D2.4. Online pedagogical contents and e-learning platform translated&#8221; use_icon_font_size=&#8221;on&#8221; icon_font_size=&#8221;25px&#8221; open_use_icon_font_size=&#8221;on&#8221; open_icon_font_size=&#8221;25px&#8221; _builder_version=&#8221;4.22.2&#8243; _module_preset=&#8221;default&#8221; global_colors_info=&#8221;{}&#8221;]<p>Leading partner: ANIA Type: DEM Level of confidentiality: PU<\/p>\n<p><a href=\"https:\/\/platform.foodimproviders.eu\/\">Check the Foodimprov\u2019iders platform <\/a><\/p>[\/et_pb_toggle][et_pb_toggle title=&#8221;D2.5. Content integrated on the platform&#8221; use_icon_font_size=&#8221;on&#8221; icon_font_size=&#8221;25px&#8221; open_use_icon_font_size=&#8221;on&#8221; open_icon_font_size=&#8221;25px&#8221; _builder_version=&#8221;4.22.2&#8243; _module_preset=&#8221;default&#8221; global_colors_info=&#8221;{}&#8221;]<p>Leading partner: EP Type: DEM Level of confidentiality: PU<\/p>\n<p><a href=\"https:\/\/platform.foodimproviders.eu\/\">Check the Foodimprov\u2019iders platform <\/a><\/p>[\/et_pb_toggle][et_pb_toggle title=&#8221;D2.6. Validation of the platform and adapted content &#8221; use_icon_font_size=&#8221;on&#8221; icon_font_size=&#8221;25px&#8221; open_use_icon_font_size=&#8221;on&#8221; open_icon_font_size=&#8221;25px&#8221; _builder_version=&#8221;4.22.2&#8243; _module_preset=&#8221;default&#8221; global_colors_info=&#8221;{}&#8221;]<p>Leading partner: EP Type: Report Level of confidentiality: PU<\/p>\n<p><a href=\"https:\/\/foodimproviders.eu\/wp-content\/uploads\/2023\/10\/Foodimproviders-Deliverables-2.6.pdf\">Download the deliverable<\/a><\/p>[\/et_pb_toggle][et_pb_toggle title=&#8221;D3.1. Blended learning offer available in training centres&#8221; use_icon_font_size=&#8221;on&#8221; icon_font_size=&#8221;25px&#8221; open_use_icon_font_size=&#8221;on&#8221; open_icon_font_size=&#8221;25px&#8221; _builder_version=&#8221;4.22.2&#8243; _module_preset=&#8221;default&#8221; global_colors_info=&#8221;{}&#8221;]<p>Leading partner: UP Type: DEM Level of confidentiality: PU<\/p>\n<p><a href=\"https:\/\/foodimproviders.eu\/wp-content\/uploads\/2023\/10\/Foodimproviders-Deliverables-3.1.pdf\">Download the deliverable<\/a><\/p>[\/et_pb_toggle][et_pb_toggle title=&#8221;D3.2. Report on the implementation of the first year of the blended-learning&#8221; use_icon_font_size=&#8221;on&#8221; icon_font_size=&#8221;25px&#8221; open_use_icon_font_size=&#8221;on&#8221; open_icon_font_size=&#8221;25px&#8221; _builder_version=&#8221;4.22.2&#8243; _module_preset=&#8221;default&#8221; global_colors_info=&#8221;{}&#8221;]<p>Leading partner: UL Type: Report Level of confidentiality: PU<\/p>\n<p><a href=\"https:\/\/foodimproviders.eu\/wp-content\/uploads\/2023\/10\/Foodimproviders-Deliverables-3.2.pdf\">Download the deliverable<\/a><\/p>[\/et_pb_toggle][et_pb_toggle title=&#8221;D3.3. Report on the first year of self-learning on the e-learning platform&#8221; use_icon_font_size=&#8221;on&#8221; icon_font_size=&#8221;25px&#8221; open_use_icon_font_size=&#8221;on&#8221; open_icon_font_size=&#8221;25px&#8221; _builder_version=&#8221;4.22.2&#8243; _module_preset=&#8221;default&#8221; global_colors_info=&#8221;{}&#8221;]<p>Leading partner: EP Type: Report Level of confidentiality: PU<\/p>\n<p><a href=\"https:\/\/foodimproviders.eu\/wp-content\/uploads\/2023\/10\/Foodimproviders-Deliverables-3.3.pdf\">Download the deliverable<\/a><\/p>[\/et_pb_toggle][et_pb_toggle title=&#8221;D4.1. Report on feedback and areas of improvement for the second year of phase 2&#8243; use_icon_font_size=&#8221;on&#8221; icon_font_size=&#8221;25px&#8221; open_use_icon_font_size=&#8221;on&#8221; open_icon_font_size=&#8221;25px&#8221; _builder_version=&#8221;4.22.2&#8243; _module_preset=&#8221;default&#8221; global_colors_info=&#8221;{}&#8221;]<p>Leading partner: FJDV Type: Report Level of confidentiality: PU<\/p>\n<p><a href=\"https:\/\/foodimproviders.eu\/wp-content\/uploads\/2023\/10\/Foodimproviders-Deliverables-4.1-.pdf\">Download the deliverable<\/a><\/p>[\/et_pb_toggle][et_pb_toggle title=&#8221;D4.2. Improved e-learning platform, pedagogical content and training offer&#8221; use_icon_font_size=&#8221;on&#8221; icon_font_size=&#8221;25px&#8221; open_use_icon_font_size=&#8221;on&#8221; open_icon_font_size=&#8221;25px&#8221; _builder_version=&#8221;4.22.2&#8243; _module_preset=&#8221;default&#8221; global_colors_info=&#8221;{}&#8221;]<p>Leading partner: UP Type: DEM Level of confidentiality: PU<\/p>\n<p><a href=\"https:\/\/foodimproviders.eu\/wp-content\/uploads\/2023\/10\/Foodimproviders-Deliverables-4.2.pdf\">Download the deliverable<\/a><\/p>[\/et_pb_toggle][et_pb_toggle title=&#8221;D4.3. Report on the learning outcomes of the training and self-learning opportunities in the second year of phase 2&#8243; use_icon_font_size=&#8221;on&#8221; icon_font_size=&#8221;25px&#8221; open_use_icon_font_size=&#8221;on&#8221; open_icon_font_size=&#8221;25px&#8221; _builder_version=&#8221;4.22.2&#8243; _module_preset=&#8221;default&#8221; global_colors_info=&#8221;{}&#8221;]<p>Leading partner: UL Type: Report Level of confidentiality: PU<\/p>\n<p><a href=\"https:\/\/foodimproviders.eu\/wp-content\/uploads\/2023\/10\/Foodimproviders-Deliverables-4.3.pdf\">Download the deliverable<\/a><\/p>[\/et_pb_toggle][et_pb_toggle title=&#8221;D4.4. Report on the pedagogical outcome of the project &#8221; use_icon_font_size=&#8221;on&#8221; icon_font_size=&#8221;25px&#8221; open_use_icon_font_size=&#8221;on&#8221; open_icon_font_size=&#8221;25px&#8221; _builder_version=&#8221;4.22.2&#8243; _module_preset=&#8221;default&#8221; global_colors_info=&#8221;{}&#8221;]<p>Leading partner: UL Type: Report Level of confidentiality: PU<\/p>\n<p><a href=\"https:\/\/foodimproviders.eu\/wp-content\/uploads\/2023\/10\/Foodimproviders-Deliverables-4.4.pdf\">Download the deliverable<\/a><\/p>[\/et_pb_toggle][et_pb_toggle title=&#8221;D4.5. Best practices paper of the FOOD IMPROV\u2019IDERS project &#8221; use_icon_font_size=&#8221;on&#8221; icon_font_size=&#8221;25px&#8221; open_use_icon_font_size=&#8221;on&#8221; open_icon_font_size=&#8221;25px&#8221; _builder_version=&#8221;4.22.2&#8243; _module_preset=&#8221;default&#8221; global_colors_info=&#8221;{}&#8221;]<p>Leading partner: ANIA Type: Report Level of confidentiality: PU<\/p>\n<p><a href=\"https:\/\/foodimproviders.eu\/wp-content\/uploads\/2023\/09\/FoodImproviders-Case-Studies-Booklet.pdf\">Download the Foodimprov\u2019iders Booklet of Best Practices<\/a><\/p>[\/et_pb_toggle][et_pb_toggle title=&#8221;D5.1. Communication and Dissemination Plan&#8221; use_icon_font_size=&#8221;on&#8221; icon_font_size=&#8221;25px&#8221; open_use_icon_font_size=&#8221;on&#8221; open_icon_font_size=&#8221;25px&#8221; _builder_version=&#8221;4.22.2&#8243; _module_preset=&#8221;default&#8221; global_colors_info=&#8221;{}&#8221;]<p>Leading partner: EP Type: Report Level of confidentiality: CO<\/p>\n<p><em>Please contact the project partners for more information<\/em><\/p>[\/et_pb_toggle][et_pb_toggle title=&#8221;D5.2. Website and social networks &#8221; use_icon_font_size=&#8221;on&#8221; icon_font_size=&#8221;25px&#8221; open_use_icon_font_size=&#8221;on&#8221; open_icon_font_size=&#8221;25px&#8221; _builder_version=&#8221;4.22.2&#8243; _module_preset=&#8221;default&#8221; global_colors_info=&#8221;{}&#8221;]<p>Leading partner: ANIA Type: Report Level of confidentiality: PU<a href=\"#\"><\/a><\/p>\n<p><a href=\"https:\/\/www.linkedin.com\/company\/food-improviders-project\/\">LinkedIn<\/a><\/p>\n<p><a href=\"https:\/\/twitter.com\/FoodImproviders\">Twitter <\/a><\/p>[\/et_pb_toggle][et_pb_toggle title=&#8221;D5.3. Communication materials &#8221; use_icon_font_size=&#8221;on&#8221; icon_font_size=&#8221;25px&#8221; open_use_icon_font_size=&#8221;on&#8221; open_icon_font_size=&#8221;25px&#8221; _builder_version=&#8221;4.22.2&#8243; _module_preset=&#8221;default&#8221; global_colors_info=&#8221;{}&#8221;]<p>Leading partner: ANIA (EP) Type: Report Level of confidentiality: PU<a href=\"#\"><\/a><\/p>\n<p><a href=\"https:\/\/foodimproviders.eu\/newsletters\">Newsletters<\/a><\/p>\n<p><a href=\"https:\/\/foodimproviders.eu\/press-releases\">Press releases<\/a><\/p>\n<p><a href=\"https:\/\/foodimproviders.eu\/promotional-materials\">Promotional materials<\/a><\/p>[\/et_pb_toggle][et_pb_toggle title=&#8221;D6.1. Quality plan including management tools &#8221; use_icon_font_size=&#8221;on&#8221; icon_font_size=&#8221;25px&#8221; open_use_icon_font_size=&#8221;on&#8221; open_icon_font_size=&#8221;25px&#8221; _builder_version=&#8221;4.22.2&#8243; _module_preset=&#8221;default&#8221; global_colors_info=&#8221;{}&#8221;]<p>Leading partner: EP Type: Report Level of confidentiality: CO<a href=\"#\"><\/a><\/p>\n<p><em>Please contact the project partners for more information<\/em><\/p>[\/et_pb_toggle][et_pb_toggle title=&#8221;D6.2. Minutes of the consortium meetings&#8221; use_icon_font_size=&#8221;on&#8221; icon_font_size=&#8221;25px&#8221; open_use_icon_font_size=&#8221;on&#8221; open_icon_font_size=&#8221;25px&#8221; _builder_version=&#8221;4.22.2&#8243; _module_preset=&#8221;default&#8221; global_colors_info=&#8221;{}&#8221;]<p>Leading partner: ANIA (EP) Type: Report Level of confidentiality: PU<\/p>\n<p><em>Please contact the project partners for more information<\/em><a href=\"#\"><\/a>\u00a0<\/p>[\/et_pb_toggle][et_pb_toggle title=&#8221;D6.3. Midterm report&#8221; use_icon_font_size=&#8221;on&#8221; icon_font_size=&#8221;25px&#8221; open_use_icon_font_size=&#8221;on&#8221; open_icon_font_size=&#8221;25px&#8221; _builder_version=&#8221;4.22.2&#8243; _module_preset=&#8221;default&#8221; global_colors_info=&#8221;{}&#8221;]<p>Leading partner: ANIA Type: Report Level of confidentiality: PU<\/p>\n<p><em>Please contact the project partners for more information<\/em><a href=\"#\"><\/a>\u00a0<\/p>[\/et_pb_toggle][et_pb_toggle title=&#8221;D6.4. Final report &#8221; use_icon_font_size=&#8221;on&#8221; icon_font_size=&#8221;25px&#8221; open_use_icon_font_size=&#8221;on&#8221; open_icon_font_size=&#8221;25px&#8221; _builder_version=&#8221;4.22.2&#8243; _module_preset=&#8221;default&#8221; global_colors_info=&#8221;{}&#8221;]<p>Leading partner: ANIA Type: Report Level of confidentiality: PU<\/p>\n<p><em>Please contact the project partners for more information<\/em><a href=\"#\"><\/a>\u00a0<\/p>[\/et_pb_toggle][\/et_pb_column][\/et_pb_row][\/et_pb_section]\n","protected":false},"excerpt":{"rendered":"<p>Leading partner: ANIA Type: Report Level of confidentiality: PU Download the deliverableLeading partner: ANIA Type: Report Level of confidentiality: PU Download the deliverableLeading partner: ANIA\u00a0\u00a0\u00a0 Type: Report\u00a0\u00a0\u00a0\u00a0\u00a0\u00a0 Level of confidentiality: [&hellip;]<\/p>\n","protected":false},"author":1,"featured_media":0,"parent":0,"menu_order":0,"comment_status":"closed","ping_status":"closed","template":"","meta":{"_et_pb_use_builder":"on","_et_pb_old_content":"","_et_gb_content_width":"","footnotes":""},"class_list":["post-443","page","type-page","status-publish","hentry"],"yoast_head":"<!-- This site is optimized with the Yoast SEO plugin v27.3 - https:\/\/yoast.com\/product\/yoast-seo-wordpress\/ -->\n<title>FOOD IMPROV\u2019IDERS Deliverables<\/title>\n<meta name=\"description\" content=\"Browse official deliverables of the FOOD IMPROV\u2019IDERS Erasmus+ project, including reports and project documentation.\" \/>\n<meta name=\"robots\" content=\"index, follow, max-snippet:-1, max-image-preview:large, max-video-preview:-1\" \/>\n<link rel=\"canonical\" href=\"https:\/\/foodimproviders.eu\/fr\/deliverables\/\" \/>\n<meta property=\"og:locale\" content=\"fr_FR\" \/>\n<meta property=\"og:type\" content=\"article\" \/>\n<meta property=\"og:title\" content=\"FOOD IMPROV\u2019IDERS Deliverables\" \/>\n<meta property=\"og:description\" content=\"Browse official deliverables of the FOOD IMPROV\u2019IDERS Erasmus+ project, including reports and project documentation.\" \/>\n<meta property=\"og:url\" content=\"https:\/\/foodimproviders.eu\/fr\/deliverables\/\" \/>\n<meta property=\"og:site_name\" content=\"Food Improviders\" \/>\n<meta property=\"article:modified_time\" content=\"2025-12-23T13:36:51+00:00\" \/>\n<meta name=\"twitter:card\" content=\"summary_large_image\" \/>\n<meta name=\"twitter:label1\" content=\"Dur\u00e9e de lecture estim\u00e9e\" \/>\n\t<meta name=\"twitter:data1\" content=\"3 minutes\" \/>\n<script type=\"application\/ld+json\" class=\"yoast-schema-graph\">{\"@context\":\"https:\\\/\\\/schema.org\",\"@graph\":[{\"@type\":\"WebPage\",\"@id\":\"https:\\\/\\\/foodimproviders.eu\\\/deliverables\\\/\",\"url\":\"https:\\\/\\\/foodimproviders.eu\\\/deliverables\\\/\",\"name\":\"FOOD IMPROV\u2019IDERS Deliverables\",\"isPartOf\":{\"@id\":\"https:\\\/\\\/foodimproviders.eu\\\/hu\\\/#website\"},\"datePublished\":\"2023-09-26T14:35:13+00:00\",\"dateModified\":\"2025-12-23T13:36:51+00:00\",\"description\":\"Browse official deliverables of the FOOD IMPROV\u2019IDERS Erasmus+ project, including reports and project documentation.\",\"breadcrumb\":{\"@id\":\"https:\\\/\\\/foodimproviders.eu\\\/deliverables\\\/#breadcrumb\"},\"inLanguage\":\"fr-FR\",\"potentialAction\":[{\"@type\":\"ReadAction\",\"target\":[\"https:\\\/\\\/foodimproviders.eu\\\/deliverables\\\/\"]}]},{\"@type\":\"BreadcrumbList\",\"@id\":\"https:\\\/\\\/foodimproviders.eu\\\/deliverables\\\/#breadcrumb\",\"itemListElement\":[{\"@type\":\"ListItem\",\"position\":1,\"name\":\"Home\",\"item\":\"https:\\\/\\\/foodimproviders.eu\\\/hu\\\/\"},{\"@type\":\"ListItem\",\"position\":2,\"name\":\"Deliverables\"}]},{\"@type\":\"WebSite\",\"@id\":\"https:\\\/\\\/foodimproviders.eu\\\/hu\\\/#website\",\"url\":\"https:\\\/\\\/foodimproviders.eu\\\/hu\\\/\",\"name\":\"Food Improviders\",\"description\":\"Showcase website of the Erasmus+ Strategic partnership FOOD IMPROV&#039;IDERS aiming to facilitate the uptake of short food supply chain by EU food producers.\",\"potentialAction\":[{\"@type\":\"SearchAction\",\"target\":{\"@type\":\"EntryPoint\",\"urlTemplate\":\"https:\\\/\\\/foodimproviders.eu\\\/hu\\\/?s={search_term_string}\"},\"query-input\":{\"@type\":\"PropertyValueSpecification\",\"valueRequired\":true,\"valueName\":\"search_term_string\"}}],\"inLanguage\":\"fr-FR\"}]}<\/script>\n<!-- \/ Yoast SEO plugin. -->","yoast_head_json":{"title":"FOOD IMPROV\u2019IDERS Deliverables","description":"Browse official deliverables of the FOOD IMPROV\u2019IDERS Erasmus+ project, including reports and project documentation.","robots":{"index":"index","follow":"follow","max-snippet":"max-snippet:-1","max-image-preview":"max-image-preview:large","max-video-preview":"max-video-preview:-1"},"canonical":"https:\/\/foodimproviders.eu\/fr\/deliverables\/","og_locale":"fr_FR","og_type":"article","og_title":"FOOD IMPROV\u2019IDERS Deliverables","og_description":"Browse official deliverables of the FOOD IMPROV\u2019IDERS Erasmus+ project, including reports and project documentation.","og_url":"https:\/\/foodimproviders.eu\/fr\/deliverables\/","og_site_name":"Food Improviders","article_modified_time":"2025-12-23T13:36:51+00:00","twitter_card":"summary_large_image","twitter_misc":{"Dur\u00e9e de lecture estim\u00e9e":"3 minutes"},"schema":{"@context":"https:\/\/schema.org","@graph":[{"@type":"WebPage","@id":"https:\/\/foodimproviders.eu\/deliverables\/","url":"https:\/\/foodimproviders.eu\/deliverables\/","name":"FOOD IMPROV\u2019IDERS Deliverables","isPartOf":{"@id":"https:\/\/foodimproviders.eu\/hu\/#website"},"datePublished":"2023-09-26T14:35:13+00:00","dateModified":"2025-12-23T13:36:51+00:00","description":"Browse official deliverables of the FOOD IMPROV\u2019IDERS Erasmus+ project, including reports and project documentation.","breadcrumb":{"@id":"https:\/\/foodimproviders.eu\/deliverables\/#breadcrumb"},"inLanguage":"fr-FR","potentialAction":[{"@type":"ReadAction","target":["https:\/\/foodimproviders.eu\/deliverables\/"]}]},{"@type":"BreadcrumbList","@id":"https:\/\/foodimproviders.eu\/deliverables\/#breadcrumb","itemListElement":[{"@type":"ListItem","position":1,"name":"Home","item":"https:\/\/foodimproviders.eu\/hu\/"},{"@type":"ListItem","position":2,"name":"Deliverables"}]},{"@type":"WebSite","@id":"https:\/\/foodimproviders.eu\/hu\/#website","url":"https:\/\/foodimproviders.eu\/hu\/","name":"Fournisseurs de denr\u00e9es alimentaires","description":"Site vitrine du partenariat strat\u00e9gique Erasmus+ FOOD IMPROV&#039;IDERS visant \u00e0 faciliter l'adoption de la cha\u00eene d'approvisionnement alimentaire courte par les producteurs de denr\u00e9es alimentaires de l'UE.","potentialAction":[{"@type":"SearchAction","target":{"@type":"EntryPoint","urlTemplate":"https:\/\/foodimproviders.eu\/hu\/?s={search_term_string}"},"query-input":{"@type":"PropertyValueSpecification","valueRequired":true,"valueName":"search_term_string"}}],"inLanguage":"fr-FR"}]}},"_links":{"self":[{"href":"https:\/\/foodimproviders.eu\/fr\/wp-json\/wp\/v2\/pages\/443","targetHints":{"allow":["GET"]}}],"collection":[{"href":"https:\/\/foodimproviders.eu\/fr\/wp-json\/wp\/v2\/pages"}],"about":[{"href":"https:\/\/foodimproviders.eu\/fr\/wp-json\/wp\/v2\/types\/page"}],"author":[{"embeddable":true,"href":"https:\/\/foodimproviders.eu\/fr\/wp-json\/wp\/v2\/users\/1"}],"replies":[{"embeddable":true,"href":"https:\/\/foodimproviders.eu\/fr\/wp-json\/wp\/v2\/comments?post=443"}],"version-history":[{"count":0,"href":"https:\/\/foodimproviders.eu\/fr\/wp-json\/wp\/v2\/pages\/443\/revisions"}],"wp:attachment":[{"href":"https:\/\/foodimproviders.eu\/fr\/wp-json\/wp\/v2\/media?parent=443"}],"curies":[{"name":"wp","href":"https:\/\/api.w.org\/{rel}","templated":true}]}}