{"id":3,"date":"2021-02-09T14:16:36","date_gmt":"2021-02-09T14:16:36","guid":{"rendered":"https:\/\/foodimproviders.eu\/?page_id=3"},"modified":"2023-03-08T13:58:26","modified_gmt":"2023-03-08T13:58:26","slug":"privacy-policy","status":"publish","type":"page","link":"https:\/\/foodimproviders.eu\/hu\/privacy-policy\/","title":{"rendered":"Adatv\u00e9delmi ir\u00e1nyelvek"},"content":{"rendered":"<h2 class=\"wp-block-heading\"><\/h2>\n\n\n\n<p><\/p>\n\n\n\n<p><strong>Foodimprov'iders projekt<\/strong>&nbsp;<\/p>\n\n\n\n<p><strong>FOODIMPROV'IDERS - A termel\u0151k sz\u00e1m\u00e1ra c\u00e9lnak megfelel\u0151 ismeretek biztos\u00edt\u00e1sa \u00faj fenntarthat\u00f3 \u00e9lelmiszerl\u00e1nc-modellek kifejleszt\u00e9s\u00e9hez, amelyek jav\u00edtj\u00e1k bev\u00e9teleiket \u00e9s n\u00f6velik a fogyaszt\u00f3k el\u00e9gedetts\u00e9g\u00e9t.<\/strong>(a tov\u00e1bbiakban: \"<strong>FOODIMPROV'IDERS<\/strong>\", \"mi\", \"minket\" vagy \"mi\u00e9nk\") egy Erasmus+ projekt, amelyet az ANIA koordin\u00e1l, \u00e9s amely k\u00fcl\u00f6nb\u00f6z\u0151 tapasztalatokkal rendelkez\u0151 nemzetk\u00f6zi partners\u00e9geket egyes\u00edt: <a href=\"https:\/\/foodimproviders.eu\/hu\/foodimproviders-project\/#partners\" target=\"_blank\" rel=\"noreferrer noopener\"><strong>https:\/\/foodimproviders.eu\/foodimproviders-project\/#partners<\/strong><\/a>. Az Europroject a Foodimprov'iders konzorciumi tagok nev\u00e9ben tartja fenn ezt a weboldalt (\"a Szolg\u00e1ltat\u00e1s\").&nbsp;<\/p>\n\n\n\n<p><strong>Adatpolitika<\/strong>&nbsp;<\/p>\n\n\n\n<p>Adatkezel\u00e9si szab\u00e1lyzatunk c\u00e9lja, hogy bemutassa, hogyan haszn\u00e1ljuk fel az \u00d6n \u00e1ltal megadott szem\u00e9lyes adatokat, mik\u00f6zben megl\u00e1togatja a weboldalunkat. <strong>FOODIMPROV'IDERS<\/strong><strong> <\/strong>weboldal. Az \u00d6n adatainak v\u00e9delme \u00e9s biztons\u00e1ga rendk\u00edv\u00fcl fontos sz\u00e1munkra. B\u00e1r az interneten kereszt\u00fcli adat\u00e1tvitel, illetve az elektronikus t\u00e1rol\u00e1s egyetlen m\u00f3dszere sem sz\u00e1zsz\u00e1zal\u00e9kosan biztons\u00e1gos, biztos\u00edtjuk, hogy az \u00e1ltalunk haszn\u00e1lt adatfeldolgoz\u00e1s sor\u00e1n is megfelel\u0151 technikai \u00e9s szervez\u00e9si biztons\u00e1gi int\u00e9zked\u00e9seket alkalmazzunk az \u00d6n \u00e1ltal megadott adatok v\u00e9delme \u00e9rdek\u00e9ben.&nbsp;<\/p>\n\n\n\n<p><strong>Szem\u00e9lyes adatok&nbsp;<\/strong>&nbsp;<\/p>\n\n\n\n<p>Szolg\u00e1ltat\u00e1sunk haszn\u00e1lata sor\u00e1n megk\u00e9rhetj\u00fck \u00d6nt, hogy adjon meg bizonyos szem\u00e9lyazonos\u00edt\u00e1sra alkalmas inform\u00e1ci\u00f3kat, amelyek felhaszn\u00e1lhat\u00f3k az \u00d6nnel val\u00f3 kapcsolatfelv\u00e9telre vagy az \u00d6n azonos\u00edt\u00e1s\u00e1ra. A szem\u00e9lyes adatok k\u00f6z\u00e9 tartozhat az \u00d6n e-mail c\u00edme, keresztneve \u00e9s vezet\u00e9kneve, s\u00fctik \u00e9s\/vagy haszn\u00e1lati adatok.&nbsp;<\/p>\n\n\n\n<p>Szem\u00e9lyes adatait az adatv\u00e9delmi jogszab\u00e1lyoknak, k\u00f6zt\u00fck az 1988-t\u00f3l 2018-ig terjed\u0151 adatv\u00e9delmi t\u00f6rv\u00e9nyeknek, az (EU) 2018\/1725 \u00e1ltal\u00e1nos adatv\u00e9delmi rendeletnek \u00e9s b\u00e1rmely m\u00e1s alkalmazand\u00f3 nemzeti vagy nemzetk\u00f6zi t\u00f6rv\u00e9nynek vagy rendeletnek megfelel\u0151en kezelj\u00fck. Szem\u00e9lyes adatait semmilyen k\u00f6r\u00fclm\u00e9nyek k\u00f6z\u00f6tt nem osztjuk meg az \u00d6n hozz\u00e1j\u00e1rul\u00e1sa n\u00e9lk\u00fcl, kiv\u00e9ve, ha azt t\u00f6rv\u00e9ny \u00edrja el\u0151 (kiv\u00e9ve a jelen Szab\u00e1lyzatban foglaltakat). Bizonyos k\u00f6r\u00fclm\u00e9nyek k\u00f6z\u00f6tt az \u00d6n szem\u00e9lyes adatait megoszthatjuk az Eur\u00f3pai Bizotts\u00e1ggal, amely esetben az \u00d6n szem\u00e9lyes adatait az Eur\u00f3pai Bizotts\u00e1g Adatv\u00e9delmi Szab\u00e1lyzat\u00e1nak megfelel\u0151en kezelj\u00fck, amely el\u00e9rhet\u0151 a k\u00f6vetkez\u0151 c\u00edmen:<a href=\"https:\/\/ec.europa.eu\/info\/privacy-policy_en\" target=\"_blank\" rel=\"noreferrer noopener\">https:\/\/ec.europa.eu\/info\/privacy-policy_en<\/a>.&nbsp;<\/p>\n\n\n\n<p>Sz\u00fcks\u00e9g eset\u00e9n csak j\u00f3hiszem\u0171en adhatjuk ki az \u00d6n szem\u00e9lyes adatait: i) jogi k\u00f6telezetts\u00e9gnek val\u00f3 megfelel\u00e9s \u00e9rdek\u00e9ben; ii) az al\u00e1bbiak v\u00e9delm\u00e9ben <strong>FOODIMPROV'IDERS <\/strong>jogokat vagy tulajdont; iii) a Szolg\u00e1ltat\u00e1ssal kapcsolatos esetleges szab\u00e1lys\u00e9rt\u00e9sek megel\u0151z\u00e9se vagy kivizsg\u00e1l\u00e1sa; iv) a Szolg\u00e1ltat\u00e1s felhaszn\u00e1l\u00f3inak vagy a nyilv\u00e1noss\u00e1g szem\u00e9lyes biztons\u00e1g\u00e1nak v\u00e9delme; v) jogi felel\u0151ss\u00e9gre von\u00e1s elleni v\u00e9delem.&nbsp;<\/p>\n\n\n\n<p><strong>Felhaszn\u00e1l\u00e1si adatok<\/strong>&nbsp;<\/p>\n\n\n\n<p>A Szolg\u00e1ltat\u00e1s el\u00e9r\u00e9s\u00e9re \u00e9s haszn\u00e1lat\u00e1ra vonatkoz\u00f3 inform\u00e1ci\u00f3kat is gy\u0171jthet\u00fcnk (\"Haszn\u00e1lati adatok\"). Ezek a Haszn\u00e1lati adatok olyan inform\u00e1ci\u00f3kat tartalmazhatnak, mint p\u00e9ld\u00e1ul a sz\u00e1m\u00edt\u00f3g\u00e9p Internet Protocol (IP) c\u00edme, a b\u00f6ng\u00e9sz\u0151 t\u00edpusa, a b\u00f6ng\u00e9sz\u0151 verzi\u00f3ja, a Szolg\u00e1ltat\u00e1sunk \u00d6n \u00e1ltal megl\u00e1togatott oldalai, a l\u00e1togat\u00e1s id\u0151pontja \u00e9s d\u00e1tuma, az ezeken az oldalakon elt\u00f6lt\u00f6tt id\u0151, egyedi eszk\u00f6zazonos\u00edt\u00f3k \u00e9s egy\u00e9b diagnosztikai adatok.&nbsp;<\/p>\n\n\n\n<p><strong>Analitikai adatok<\/strong>&nbsp;<\/p>\n\n\n\n<p>A Google Analytics seg\u00edts\u00e9g\u00e9vel analitikai adatokat gy\u0171jt\u00fcnk. Ezeket az adatokat makroszinten gy\u0171jtj\u00fck a weboldal \u00f6sszes l\u00e1togat\u00f3ja alapj\u00e1n. Minden analitikai adat anonimiz\u00e1lt, ez\u00e9rt nem szem\u00e9lyesen azonos\u00edthat\u00f3.&nbsp;<\/p>\n\n\n\n<p><strong>Nyomonk\u00f6vet\u00e9si \u00e9s s\u00fctik adatai<\/strong>&nbsp;<\/p>\n\n\n\n<p>S\u00fctiket \u00e9s hasonl\u00f3 nyomk\u00f6vet\u0151 technol\u00f3gi\u00e1kat haszn\u00e1lunk a Szolg\u00e1ltat\u00e1sunkon v\u00e9gzett tev\u00e9kenys\u00e9gek nyomon k\u00f6vet\u00e9s\u00e9re \u00e9s bizonyos inform\u00e1ci\u00f3k t\u00e1rol\u00e1s\u00e1ra.&nbsp;<\/p>\n\n\n\n<p>A s\u00fctik kis mennyis\u00e9g\u0171 adatot tartalmaz\u00f3 f\u00e1jlok, amelyek tartalmazhatnak egy n\u00e9vtelen egyedi azonos\u00edt\u00f3t. A s\u00fctiket egy weboldal k\u00fcldi el a b\u00f6ng\u00e9sz\u0151j\u00e9nek, \u00e9s az \u00d6n eszk\u00f6z\u00e9n t\u00e1rolj\u00e1k. A nyomk\u00f6vet\u0151 technol\u00f3gi\u00e1k k\u00f6z\u00e9 tartoznak a jelz\u0151k, c\u00edmk\u00e9k \u00e9s szkriptek is, amelyekkel inform\u00e1ci\u00f3kat gy\u0171jthet\u00fcnk \u00e9s k\u00f6vethet\u00fcnk, valamint jav\u00edthatjuk \u00e9s elemezhetj\u00fck a Szolg\u00e1ltat\u00e1sunkat.&nbsp;<\/p>\n\n\n\n<p>\u00d6n utas\u00edthatja b\u00f6ng\u00e9sz\u0151j\u00e9t, hogy utas\u00edtsa vissza az \u00f6sszes cookie-t, vagy jelezze, ha cookie-t k\u00fcld. Ha azonban nem fogadja el a cookie-kat, el\u0151fordulhat, hogy nem tudja haszn\u00e1lni a Szolg\u00e1ltat\u00e1sunk egyes r\u00e9szeit.&nbsp;<\/p>\n\n\n\n<p>P\u00e9ld\u00e1k az \u00e1ltalunk haszn\u00e1lt s\u00fctikre:&nbsp;<br><strong>- Munkamenet s\u00fctik -<\/strong> Szolg\u00e1ltat\u00e1sunk m\u0171k\u00f6dtet\u00e9s\u00e9hez munkamenet s\u00fctiket haszn\u00e1lunk&nbsp;<br>- <strong>Preferencia s\u00fctik<\/strong> - Preferencia s\u00fctiket haszn\u00e1lunk, hogy megjegyezz\u00fck az \u00d6n preferenci\u00e1it \u00e9s k\u00fcl\u00f6nb\u00f6z\u0151 be\u00e1ll\u00edt\u00e1sait.&nbsp;<br>- <strong>Biztons\u00e1gi s\u00fctik<\/strong> - Biztons\u00e1gi s\u00fctiket haszn\u00e1lunk biztons\u00e1gi c\u00e9lokb\u00f3l.&nbsp;<\/p>\n\n\n\n<p><strong>S\u00fctikre vonatkoz\u00f3 ir\u00e1nyelvek<\/strong>&nbsp;<\/p>\n\n\n\n<p>Weboldalunk s\u00fctiket haszn\u00e1l, hogy megk\u00fcl\u00f6nb\u00f6ztesse \u00d6nt a weboldalunk t\u00f6bbi felhaszn\u00e1l\u00f3j\u00e1t\u00f3l. \u00c1ltal\u00e1ban a cookie-kat a felhaszn\u00e1l\u00f3i preferenci\u00e1k meg\u0151rz\u00e9s\u00e9re, az olyan dolgokhoz sz\u00fcks\u00e9ges inform\u00e1ci\u00f3k t\u00e1rol\u00e1s\u00e1ra, mint a bev\u00e1s\u00e1rl\u00f3kosarak, \u00e9s anonimiz\u00e1lt nyomon k\u00f6vet\u00e9si adatok szolg\u00e1ltat\u00e1s\u00e1ra haszn\u00e1lj\u00e1k. A s\u00fctik \u00e1ltal\u00e1ban jobb\u00e1 teszik a b\u00f6ng\u00e9sz\u00e9si \u00e9lm\u00e9nyt. Azonban el\u0151fordulhat, hogy ezen az oldalon \u00e9s m\u00e1s oldalakon is szeretn\u00e9 letiltani a s\u00fctiket. Ennek leghat\u00e9konyabb m\u00f3dja, ha letiltja a cookie-kat a b\u00f6ng\u00e9sz\u0151j\u00e9ben. Javasoljuk, hogy keresse fel a b\u00f6ng\u00e9sz\u0151je S\u00fag\u00f3 r\u00e9sz\u00e9t, vagy tekintse meg a<a href=\"https:\/\/www.aboutcookies.org\/\" target=\"_blank\" rel=\"noreferrer noopener\">A s\u00fctikr\u0151l<\/a>weboldal, amely \u00fatmutat\u00e1st ny\u00fajt az \u00f6sszes modern b\u00f6ng\u00e9sz\u0151h\u00f6z.&nbsp;<\/p>\n\n\n\n<p><strong>Harmadik f\u00e9l linkjei<\/strong>&nbsp;<\/p>\n\n\n\n<p>Szolg\u00e1ltat\u00e1sunk tartalmazhat hiperlinkeket harmadik felek tulajdon\u00e1ban l\u00e9v\u0151 \u00e9s \u00e1ltaluk \u00fczemeltetett weboldalakra. Ezeknek a harmadik felek weboldalainak saj\u00e1t adatv\u00e9delmi szab\u00e1lyzataik vannak, bele\u00e9rtve a cookie-kat is. Nem v\u00e1llalunk semmilyen felel\u0151ss\u00e9get vagy felel\u0151ss\u00e9get az ilyen harmadik felek weboldalainak adatv\u00e9delmi gyakorlat\u00e1\u00e9rt, \u00e9s az ilyen weboldalak haszn\u00e1lata az \u00d6n saj\u00e1t felel\u0151ss\u00e9g\u00e9re t\u00f6rt\u00e9nik.&nbsp;<\/p>\n\n\n\n<p><strong>FOODIMPROV'IDERS Adatv\u00e9delmi ir\u00e1nyelvek v\u00e1ltoz\u00e1sai<\/strong>&nbsp;<\/p>\n\n\n\n<p>Adatv\u00e9delmi szab\u00e1lyzatunk id\u0151r\u0151l id\u0151re friss\u00fclhet. Javasoljuk, hogy rendszeresen tekintse \u00e1t ezt az Adatv\u00e9delmi szab\u00e1lyzatot. Az Adatv\u00e9delmi szab\u00e1lyzat n\u00e1lunk t\u00f6rt\u00e9n\u0151 b\u00e1rmilyen v\u00e1ltoz\u00e1s\u00e1t ezen az oldalon tessz\u00fck k\u00f6zz\u00e9.&nbsp;<\/p>\n\n\n\n<p><strong>Kapcsolatfelv\u00e9tel<\/strong>&nbsp;<\/p>\n\n\n\n<p>Ha b\u00e1rmilyen k\u00e9rd\u00e9se van, vagy szeretne t\u00f6bbet megtudni a FOODIMPROV'IDERS adatv\u00e9delmi politik\u00e1j\u00e1r\u00f3l, k\u00e9rj\u00fck, forduljon hozz\u00e1nk bizalommal az al\u00e1bbi c\u00edmen.<a href=\"mailto:galina.ivanova@europroject.bg\" target=\"_blank\" rel=\"noreferrer noopener\">galina.ivanova@europroject.bg<\/a>.&nbsp;&nbsp;&nbsp;<\/p>","protected":false},"excerpt":{"rendered":"<p>Foodimprov\u2019iders project&nbsp; FOODIMPROV\u2019IDERS \u2013 Provide producers with fit-for-purpose knowledge to develop new sustainable food chain models improving their revenue and enhancing consumers\u2019 satisfaction\u202f(hereinafter referred to as \u201cFOODIMPROV\u2019IDERS\u201d, \u201cwe\u201d, \u201cus\u201d or [&hellip;]<\/p>\n","protected":false},"author":1,"featured_media":0,"parent":0,"menu_order":0,"comment_status":"closed","ping_status":"closed","template":"","meta":{"_et_pb_use_builder":"","_et_pb_old_content":"","_et_gb_content_width":"1080","footnotes":""},"class_list":["post-3","page","type-page","status-publish","hentry"],"yoast_head":"<!-- This site is optimized with the Yoast SEO plugin v27.3 - https:\/\/yoast.com\/product\/yoast-seo-wordpress\/ -->\n<title>Privacy Policy - Food Improviders<\/title>\n<meta name=\"robots\" content=\"index, follow, max-snippet:-1, max-image-preview:large, max-video-preview:-1\" \/>\n<link rel=\"canonical\" href=\"https:\/\/foodimproviders.eu\/hu\/privacy-policy\/\" \/>\n<meta property=\"og:locale\" content=\"hu_HU\" \/>\n<meta property=\"og:type\" content=\"article\" \/>\n<meta property=\"og:title\" content=\"Privacy Policy - Food Improviders\" \/>\n<meta property=\"og:description\" content=\"Foodimprov\u2019iders project&nbsp; FOODIMPROV\u2019IDERS \u2013 Provide producers with fit-for-purpose knowledge to develop new sustainable food chain models improving their revenue and enhancing consumers\u2019 satisfaction\u202f(hereinafter referred to as \u201cFOODIMPROV\u2019IDERS\u201d, \u201cwe\u201d, \u201cus\u201d or [&hellip;]\" \/>\n<meta property=\"og:url\" content=\"https:\/\/foodimproviders.eu\/hu\/privacy-policy\/\" \/>\n<meta property=\"og:site_name\" content=\"Food Improviders\" \/>\n<meta property=\"article:modified_time\" content=\"2023-03-08T13:58:26+00:00\" \/>\n<meta name=\"twitter:card\" content=\"summary_large_image\" \/>\n<meta name=\"twitter:label1\" content=\"Becs\u00fclt olvas\u00e1si id\u0151\" \/>\n\t<meta name=\"twitter:data1\" content=\"4 perc\" \/>\n<script type=\"application\/ld+json\" class=\"yoast-schema-graph\">{\"@context\":\"https:\\\/\\\/schema.org\",\"@graph\":[{\"@type\":\"WebPage\",\"@id\":\"https:\\\/\\\/foodimproviders.eu\\\/privacy-policy\\\/\",\"url\":\"https:\\\/\\\/foodimproviders.eu\\\/privacy-policy\\\/\",\"name\":\"Privacy Policy - Food Improviders\",\"isPartOf\":{\"@id\":\"https:\\\/\\\/foodimproviders.eu\\\/hu\\\/#website\"},\"datePublished\":\"2021-02-09T14:16:36+00:00\",\"dateModified\":\"2023-03-08T13:58:26+00:00\",\"breadcrumb\":{\"@id\":\"https:\\\/\\\/foodimproviders.eu\\\/privacy-policy\\\/#breadcrumb\"},\"inLanguage\":\"hu\",\"potentialAction\":[{\"@type\":\"ReadAction\",\"target\":[\"https:\\\/\\\/foodimproviders.eu\\\/privacy-policy\\\/\"]}]},{\"@type\":\"BreadcrumbList\",\"@id\":\"https:\\\/\\\/foodimproviders.eu\\\/privacy-policy\\\/#breadcrumb\",\"itemListElement\":[{\"@type\":\"ListItem\",\"position\":1,\"name\":\"Home\",\"item\":\"https:\\\/\\\/foodimproviders.eu\\\/hu\\\/\"},{\"@type\":\"ListItem\",\"position\":2,\"name\":\"Privacy Policy\"}]},{\"@type\":\"WebSite\",\"@id\":\"https:\\\/\\\/foodimproviders.eu\\\/hu\\\/#website\",\"url\":\"https:\\\/\\\/foodimproviders.eu\\\/hu\\\/\",\"name\":\"Food Improviders\",\"description\":\"Showcase website of the Erasmus+ Strategic partnership FOOD IMPROV&#039;IDERS aiming to facilitate the uptake of short food supply chain by EU food producers.\",\"potentialAction\":[{\"@type\":\"SearchAction\",\"target\":{\"@type\":\"EntryPoint\",\"urlTemplate\":\"https:\\\/\\\/foodimproviders.eu\\\/hu\\\/?s={search_term_string}\"},\"query-input\":{\"@type\":\"PropertyValueSpecification\",\"valueRequired\":true,\"valueName\":\"search_term_string\"}}],\"inLanguage\":\"hu\"}]}<\/script>\n<!-- \/ Yoast SEO plugin. -->","yoast_head_json":{"title":"Privacy Policy - Food Improviders","robots":{"index":"index","follow":"follow","max-snippet":"max-snippet:-1","max-image-preview":"max-image-preview:large","max-video-preview":"max-video-preview:-1"},"canonical":"https:\/\/foodimproviders.eu\/hu\/privacy-policy\/","og_locale":"hu_HU","og_type":"article","og_title":"Privacy Policy - Food Improviders","og_description":"Foodimprov\u2019iders project&nbsp; FOODIMPROV\u2019IDERS \u2013 Provide producers with fit-for-purpose knowledge to develop new sustainable food chain models improving their revenue and enhancing consumers\u2019 satisfaction\u202f(hereinafter referred to as \u201cFOODIMPROV\u2019IDERS\u201d, \u201cwe\u201d, \u201cus\u201d or [&hellip;]","og_url":"https:\/\/foodimproviders.eu\/hu\/privacy-policy\/","og_site_name":"Food Improviders","article_modified_time":"2023-03-08T13:58:26+00:00","twitter_card":"summary_large_image","twitter_misc":{"Becs\u00fclt olvas\u00e1si id\u0151":"4 perc"},"schema":{"@context":"https:\/\/schema.org","@graph":[{"@type":"WebPage","@id":"https:\/\/foodimproviders.eu\/privacy-policy\/","url":"https:\/\/foodimproviders.eu\/privacy-policy\/","name":"Privacy Policy - Food Improviders","isPartOf":{"@id":"https:\/\/foodimproviders.eu\/hu\/#website"},"datePublished":"2021-02-09T14:16:36+00:00","dateModified":"2023-03-08T13:58:26+00:00","breadcrumb":{"@id":"https:\/\/foodimproviders.eu\/privacy-policy\/#breadcrumb"},"inLanguage":"hu","potentialAction":[{"@type":"ReadAction","target":["https:\/\/foodimproviders.eu\/privacy-policy\/"]}]},{"@type":"BreadcrumbList","@id":"https:\/\/foodimproviders.eu\/privacy-policy\/#breadcrumb","itemListElement":[{"@type":"ListItem","position":1,"name":"Home","item":"https:\/\/foodimproviders.eu\/hu\/"},{"@type":"ListItem","position":2,"name":"Privacy Policy"}]},{"@type":"WebSite","@id":"https:\/\/foodimproviders.eu\/hu\/#website","url":"https:\/\/foodimproviders.eu\/hu\/","name":"\u00c9lelmiszer-jav\u00edt\u00f3k","description":"Az Erasmus+ strat\u00e9giai partners\u00e9g FOOD IMPROV&#039;IDERS bemutat\u00f3 honlapja, amelynek c\u00e9lja, hogy megk\u00f6nny\u00edtse a r\u00f6vid \u00e9lelmiszer-ell\u00e1t\u00e1si l\u00e1nc bevezet\u00e9s\u00e9t az uni\u00f3s \u00e9lelmiszertermel\u0151k sz\u00e1m\u00e1ra.","potentialAction":[{"@type":"SearchAction","target":{"@type":"EntryPoint","urlTemplate":"https:\/\/foodimproviders.eu\/hu\/?s={search_term_string}"},"query-input":{"@type":"PropertyValueSpecification","valueRequired":true,"valueName":"search_term_string"}}],"inLanguage":"hu"}]}},"_links":{"self":[{"href":"https:\/\/foodimproviders.eu\/hu\/wp-json\/wp\/v2\/pages\/3","targetHints":{"allow":["GET"]}}],"collection":[{"href":"https:\/\/foodimproviders.eu\/hu\/wp-json\/wp\/v2\/pages"}],"about":[{"href":"https:\/\/foodimproviders.eu\/hu\/wp-json\/wp\/v2\/types\/page"}],"author":[{"embeddable":true,"href":"https:\/\/foodimproviders.eu\/hu\/wp-json\/wp\/v2\/users\/1"}],"replies":[{"embeddable":true,"href":"https:\/\/foodimproviders.eu\/hu\/wp-json\/wp\/v2\/comments?post=3"}],"version-history":[{"count":0,"href":"https:\/\/foodimproviders.eu\/hu\/wp-json\/wp\/v2\/pages\/3\/revisions"}],"wp:attachment":[{"href":"https:\/\/foodimproviders.eu\/hu\/wp-json\/wp\/v2\/media?parent=3"}],"curies":[{"name":"wp","href":"https:\/\/api.w.org\/{rel}","templated":true}]}}