{"id":3,"date":"2021-02-09T14:16:36","date_gmt":"2021-02-09T14:16:36","guid":{"rendered":"https:\/\/foodimproviders.eu\/?page_id=3"},"modified":"2023-03-08T13:58:26","modified_gmt":"2023-03-08T13:58:26","slug":"privacy-policy","status":"publish","type":"page","link":"https:\/\/foodimproviders.eu\/it\/privacy-policy\/","title":{"rendered":"Informativa sulla privacy"},"content":{"rendered":"<h2 class=\"wp-block-heading\"><\/h2>\n\n\n\n<p><\/p>\n\n\n\n<p><strong>Progetto Foodimprov'iders<\/strong>&nbsp;<\/p>\n\n\n\n<p><strong>FOODIMPROV'IDERS - Fornire ai produttori conoscenze adeguate per sviluppare nuovi modelli di filiera alimentare sostenibile, migliorando le loro entrate e la soddisfazione dei consumatori.<\/strong>(di seguito denominato \"<strong>IPROVVISATORIALIMENTARI<\/strong>\", \"noi\", \"ci\" o \"nostro\") \u00e8 un progetto Erasmus+ coordinato dall'ANIA e che riunisce un partenariato internazionale con diverse esperienze: <a href=\"https:\/\/foodimproviders.eu\/it\/foodimproviders-project\/#partners\" target=\"_blank\" rel=\"noreferrer noopener\"><strong>https:\/\/foodimproviders.eu\/foodimproviders-project\/#partners<\/strong><\/a>. Europroject gestisce questo sito web (\"il Servizio\") per conto dei membri del consorzio Foodimprov'iders.&nbsp;<\/p>\n\n\n\n<p><strong>Politica dei dati<\/strong>&nbsp;<\/p>\n\n\n\n<p>La nostra Informativa sui dati personali ha lo scopo di illustrare come utilizziamo i dati personali che ci vengono forniti durante la visita al sito. <strong>IPROVVISATORIALIMENTARI<\/strong><strong> <\/strong>sito web. La vostra privacy e la sicurezza dei vostri dati sono per noi di estrema importanza. Sebbene nessun metodo di trasmissione dei dati su Internet, o di archiviazione elettronica, sia sicuro al cento per cento, ci assicuriamo che qualsiasi trattamento dei dati da noi utilizzato metta in atto misure di sicurezza tecniche e organizzative adeguate per proteggere le informazioni che ci avete fornito.&nbsp;<\/p>\n\n\n\n<p><strong>Dati personali&nbsp;<\/strong>&nbsp;<\/p>\n\n\n\n<p>Durante l'utilizzo del nostro Servizio, potremmo chiedervi di fornirci alcune informazioni di identificazione personale che possono essere utilizzate per contattarvi o identificarvi. I dati personali possono includere l'indirizzo e-mail, il nome e il cognome, i cookie e\/o i dati di utilizzo.&nbsp;<\/p>\n\n\n\n<p>Tratteremo i vostri Dati personali in conformit\u00e0 con la legislazione sulla protezione dei dati, comprese le leggi sulla protezione dei dati dal 1988 al 2018, il Regolamento generale sulla protezione dei dati (UE) 2018\/1725 e qualsiasi altra legge o regolamento nazionale o internazionale applicabile. In nessun caso condivideremo i vostri Dati personali senza il vostro consenso, a meno che non sia richiesto dalla legge (ad eccezione di quanto stabilito nella presente Informativa). In alcune circostanze, i vostri Dati personali possono essere condivisi con la Commissione europea, nel qual caso i vostri Dati personali saranno trattati in conformit\u00e0 con l'Informativa sulla privacy della Commissione europea disponibile all'indirizzo:<a href=\"https:\/\/ec.europa.eu\/info\/privacy-policy_en\" target=\"_blank\" rel=\"noreferrer noopener\">https:\/\/ec.europa.eu\/info\/privacy-policy_en<\/a>.&nbsp;<\/p>\n\n\n\n<p>Se necessario, potremo divulgare i vostri dati personali solo in buona fede: i) per adempiere a un obbligo legale; ii) per proteggere i vostri dati personali. <strong>IPROVVISATORIALIMENTARI <\/strong>diritti o propriet\u00e0; iii) per prevenire o indagare su eventuali illeciti in relazione al Servizio, iv) per proteggere la sicurezza personale degli utenti del Servizio o del pubblico; v) per tutelarsi da responsabilit\u00e0 legali.&nbsp;<\/p>\n\n\n\n<p><strong>Dati di utilizzo<\/strong>&nbsp;<\/p>\n\n\n\n<p>Possiamo anche raccogliere informazioni sulle modalit\u00e0 di accesso e utilizzo del Servizio (\"Dati di utilizzo\"). Questi Dati di utilizzo possono includere informazioni quali l'indirizzo IP (Internet Protocol) del computer, il tipo di browser, la versione del browser, le pagine del nostro Servizio visitate, l'ora e la data della visita, il tempo trascorso su tali pagine, gli identificatori unici del dispositivo e altri dati diagnostici.&nbsp;<\/p>\n\n\n\n<p><strong>Dati analitici<\/strong>&nbsp;<\/p>\n\n\n\n<p>Raccogliamo dati analitici attraverso Google Analytics. Questi dati vengono raccolti a livello macro in base a tutti i visitatori del sito web. Tutti i dati analitici sono anonimizzati e quindi non identificabili personalmente.&nbsp;<\/p>\n\n\n\n<p><strong>Dati di tracciamento e cookie<\/strong>&nbsp;<\/p>\n\n\n\n<p>Utilizziamo cookie e tecnologie di tracciamento simili per monitorare l'attivit\u00e0 sul nostro Servizio e conservare determinate informazioni.&nbsp;<\/p>\n\n\n\n<p>I cookie sono file contenenti una piccola quantit\u00e0 di dati che possono includere un identificatore unico anonimo. I cookie vengono inviati al vostro browser da un sito web e memorizzati sul vostro dispositivo. Le tecnologie di tracciamento utilizzate sono anche beacon, tag e script per raccogliere e tracciare informazioni e per migliorare e analizzare il nostro Servizio.&nbsp;<\/p>\n\n\n\n<p>L'utente pu\u00f2 indicare al proprio browser di rifiutare tutti i cookie o di segnalare l'invio di un cookie. Tuttavia, se non accettate i cookie, potreste non essere in grado di utilizzare alcune parti del nostro Servizio.&nbsp;<\/p>\n\n\n\n<p>Esempi di cookie che utilizziamo:&nbsp;<br><strong>- Cookie di sessione -<\/strong> Utilizziamo i cookie di sessione per gestire il nostro servizio&nbsp;<br>- <strong>Cookie di preferenza<\/strong> - Utilizziamo i cookie di preferenza per ricordare le preferenze e le varie impostazioni dell'utente.&nbsp;<br>- <strong>Cookie di sicurezza<\/strong> - Utilizziamo i cookie di sicurezza per scopi di sicurezza.&nbsp;<\/p>\n\n\n\n<p><strong>Politica sui cookie<\/strong>&nbsp;<\/p>\n\n\n\n<p>Il nostro sito web utilizza i cookie per distinguervi dagli altri utenti del sito. In generale, i cookie vengono utilizzati per conservare le preferenze dell'utente, memorizzare le informazioni relative ad esempio ai carrelli della spesa e fornire dati di tracciamento anonimizzati. Di norma, i cookie migliorano la vostra esperienza di navigazione. Tuttavia, \u00e8 possibile che l'utente preferisca disabilitare i cookie su questo sito e su altri. Il modo pi\u00f9 efficace per farlo \u00e8 disabilitare i cookie nel browser. Suggeriamo di consultare la sezione Aiuto del vostro browser o di dare un'occhiata alla sezione<a href=\"https:\/\/www.aboutcookies.org\/\" target=\"_blank\" rel=\"noreferrer noopener\">Informazioni sui cookie<\/a>che offre indicazioni per tutti i browser moderni.&nbsp;<\/p>\n\n\n\n<p><strong>Link di terze parti<\/strong>&nbsp;<\/p>\n\n\n\n<p>Il nostro Servizio pu\u00f2 contenere collegamenti ipertestuali a siti web di propriet\u00e0 e gestiti da terzi. Questi siti web di terzi hanno le loro politiche sulla privacy, compresi i cookie. Non ci assumiamo alcuna responsabilit\u00e0 per le pratiche sulla privacy di tali siti web di terzi e l'utilizzo di tali siti web \u00e8 a vostro rischio e pericolo.&nbsp;<\/p>\n\n\n\n<p><strong>Modifiche all'informativa sulla privacy di FOODIMPROV'IDERS<\/strong>&nbsp;<\/p>\n\n\n\n<p>La nostra Informativa sulla privacy pu\u00f2 essere aggiornata di tanto in tanto. Si consiglia di rivedere periodicamente la presente Informativa sulla privacy. Eventuali modifiche all'Informativa sulla privacy da parte nostra saranno pubblicate su questa pagina.&nbsp;<\/p>\n\n\n\n<p><strong>Contattateci<\/strong>&nbsp;<\/p>\n\n\n\n<p>Per qualsiasi domanda o per saperne di pi\u00f9 sull'Informativa sulla privacy di FOODIMPROV'IDERS, non esitate a contattarci all'indirizzo<a href=\"mailto:galina.ivanova@europroject.bg\" target=\"_blank\" rel=\"noreferrer noopener\">galina.ivanova@europroject.bg<\/a>.&nbsp;&nbsp;&nbsp;<\/p>","protected":false},"excerpt":{"rendered":"<p>Foodimprov\u2019iders project&nbsp; FOODIMPROV\u2019IDERS \u2013 Provide producers with fit-for-purpose knowledge to develop new sustainable food chain models improving their revenue and enhancing consumers\u2019 satisfaction\u202f(hereinafter referred to as \u201cFOODIMPROV\u2019IDERS\u201d, \u201cwe\u201d, \u201cus\u201d or [&hellip;]<\/p>\n","protected":false},"author":1,"featured_media":0,"parent":0,"menu_order":0,"comment_status":"closed","ping_status":"closed","template":"","meta":{"_et_pb_use_builder":"","_et_pb_old_content":"","_et_gb_content_width":"1080","footnotes":""},"class_list":["post-3","page","type-page","status-publish","hentry"],"yoast_head":"<!-- This site is optimized with the Yoast SEO plugin v27.3 - https:\/\/yoast.com\/product\/yoast-seo-wordpress\/ -->\n<title>Privacy Policy - Food Improviders<\/title>\n<meta name=\"robots\" content=\"index, follow, max-snippet:-1, max-image-preview:large, max-video-preview:-1\" \/>\n<link rel=\"canonical\" href=\"https:\/\/foodimproviders.eu\/it\/privacy-policy\/\" \/>\n<meta property=\"og:locale\" content=\"it_IT\" \/>\n<meta property=\"og:type\" content=\"article\" \/>\n<meta property=\"og:title\" content=\"Privacy Policy - Food Improviders\" \/>\n<meta property=\"og:description\" content=\"Foodimprov\u2019iders project&nbsp; FOODIMPROV\u2019IDERS \u2013 Provide producers with fit-for-purpose knowledge to develop new sustainable food chain models improving their revenue and enhancing consumers\u2019 satisfaction\u202f(hereinafter referred to as \u201cFOODIMPROV\u2019IDERS\u201d, \u201cwe\u201d, \u201cus\u201d or [&hellip;]\" \/>\n<meta property=\"og:url\" content=\"https:\/\/foodimproviders.eu\/it\/privacy-policy\/\" \/>\n<meta property=\"og:site_name\" content=\"Food Improviders\" \/>\n<meta property=\"article:modified_time\" content=\"2023-03-08T13:58:26+00:00\" \/>\n<meta name=\"twitter:card\" content=\"summary_large_image\" \/>\n<meta name=\"twitter:label1\" content=\"Tempo di lettura stimato\" \/>\n\t<meta name=\"twitter:data1\" content=\"4 minuti\" \/>\n<script type=\"application\/ld+json\" class=\"yoast-schema-graph\">{\"@context\":\"https:\\\/\\\/schema.org\",\"@graph\":[{\"@type\":\"WebPage\",\"@id\":\"https:\\\/\\\/foodimproviders.eu\\\/privacy-policy\\\/\",\"url\":\"https:\\\/\\\/foodimproviders.eu\\\/privacy-policy\\\/\",\"name\":\"Privacy Policy - Food Improviders\",\"isPartOf\":{\"@id\":\"https:\\\/\\\/foodimproviders.eu\\\/hu\\\/#website\"},\"datePublished\":\"2021-02-09T14:16:36+00:00\",\"dateModified\":\"2023-03-08T13:58:26+00:00\",\"breadcrumb\":{\"@id\":\"https:\\\/\\\/foodimproviders.eu\\\/privacy-policy\\\/#breadcrumb\"},\"inLanguage\":\"it-IT\",\"potentialAction\":[{\"@type\":\"ReadAction\",\"target\":[\"https:\\\/\\\/foodimproviders.eu\\\/privacy-policy\\\/\"]}]},{\"@type\":\"BreadcrumbList\",\"@id\":\"https:\\\/\\\/foodimproviders.eu\\\/privacy-policy\\\/#breadcrumb\",\"itemListElement\":[{\"@type\":\"ListItem\",\"position\":1,\"name\":\"Home\",\"item\":\"https:\\\/\\\/foodimproviders.eu\\\/hu\\\/\"},{\"@type\":\"ListItem\",\"position\":2,\"name\":\"Privacy Policy\"}]},{\"@type\":\"WebSite\",\"@id\":\"https:\\\/\\\/foodimproviders.eu\\\/hu\\\/#website\",\"url\":\"https:\\\/\\\/foodimproviders.eu\\\/hu\\\/\",\"name\":\"Food Improviders\",\"description\":\"Showcase website of the Erasmus+ Strategic partnership FOOD IMPROV&#039;IDERS aiming to facilitate the uptake of short food supply chain by EU food producers.\",\"potentialAction\":[{\"@type\":\"SearchAction\",\"target\":{\"@type\":\"EntryPoint\",\"urlTemplate\":\"https:\\\/\\\/foodimproviders.eu\\\/hu\\\/?s={search_term_string}\"},\"query-input\":{\"@type\":\"PropertyValueSpecification\",\"valueRequired\":true,\"valueName\":\"search_term_string\"}}],\"inLanguage\":\"it-IT\"}]}<\/script>\n<!-- \/ Yoast SEO plugin. -->","yoast_head_json":{"title":"Privacy Policy - Food Improviders","robots":{"index":"index","follow":"follow","max-snippet":"max-snippet:-1","max-image-preview":"max-image-preview:large","max-video-preview":"max-video-preview:-1"},"canonical":"https:\/\/foodimproviders.eu\/it\/privacy-policy\/","og_locale":"it_IT","og_type":"article","og_title":"Privacy Policy - Food Improviders","og_description":"Foodimprov\u2019iders project&nbsp; FOODIMPROV\u2019IDERS \u2013 Provide producers with fit-for-purpose knowledge to develop new sustainable food chain models improving their revenue and enhancing consumers\u2019 satisfaction\u202f(hereinafter referred to as \u201cFOODIMPROV\u2019IDERS\u201d, \u201cwe\u201d, \u201cus\u201d or [&hellip;]","og_url":"https:\/\/foodimproviders.eu\/it\/privacy-policy\/","og_site_name":"Food Improviders","article_modified_time":"2023-03-08T13:58:26+00:00","twitter_card":"summary_large_image","twitter_misc":{"Tempo di lettura stimato":"4 minuti"},"schema":{"@context":"https:\/\/schema.org","@graph":[{"@type":"WebPage","@id":"https:\/\/foodimproviders.eu\/privacy-policy\/","url":"https:\/\/foodimproviders.eu\/privacy-policy\/","name":"Privacy Policy - Food Improviders","isPartOf":{"@id":"https:\/\/foodimproviders.eu\/hu\/#website"},"datePublished":"2021-02-09T14:16:36+00:00","dateModified":"2023-03-08T13:58:26+00:00","breadcrumb":{"@id":"https:\/\/foodimproviders.eu\/privacy-policy\/#breadcrumb"},"inLanguage":"it-IT","potentialAction":[{"@type":"ReadAction","target":["https:\/\/foodimproviders.eu\/privacy-policy\/"]}]},{"@type":"BreadcrumbList","@id":"https:\/\/foodimproviders.eu\/privacy-policy\/#breadcrumb","itemListElement":[{"@type":"ListItem","position":1,"name":"Home","item":"https:\/\/foodimproviders.eu\/hu\/"},{"@type":"ListItem","position":2,"name":"Privacy Policy"}]},{"@type":"WebSite","@id":"https:\/\/foodimproviders.eu\/hu\/#website","url":"https:\/\/foodimproviders.eu\/hu\/","name":"Improvvisatori di cibo","description":"Sito web di presentazione del partenariato strategico Erasmus+ FOOD IMPROV'IDERS che mira a facilitare l'adozione della filiera corta da parte dei produttori alimentari dell'UE.","potentialAction":[{"@type":"SearchAction","target":{"@type":"EntryPoint","urlTemplate":"https:\/\/foodimproviders.eu\/hu\/?s={search_term_string}"},"query-input":{"@type":"PropertyValueSpecification","valueRequired":true,"valueName":"search_term_string"}}],"inLanguage":"it-IT"}]}},"_links":{"self":[{"href":"https:\/\/foodimproviders.eu\/it\/wp-json\/wp\/v2\/pages\/3","targetHints":{"allow":["GET"]}}],"collection":[{"href":"https:\/\/foodimproviders.eu\/it\/wp-json\/wp\/v2\/pages"}],"about":[{"href":"https:\/\/foodimproviders.eu\/it\/wp-json\/wp\/v2\/types\/page"}],"author":[{"embeddable":true,"href":"https:\/\/foodimproviders.eu\/it\/wp-json\/wp\/v2\/users\/1"}],"replies":[{"embeddable":true,"href":"https:\/\/foodimproviders.eu\/it\/wp-json\/wp\/v2\/comments?post=3"}],"version-history":[{"count":0,"href":"https:\/\/foodimproviders.eu\/it\/wp-json\/wp\/v2\/pages\/3\/revisions"}],"wp:attachment":[{"href":"https:\/\/foodimproviders.eu\/it\/wp-json\/wp\/v2\/media?parent=3"}],"curies":[{"name":"wp","href":"https:\/\/api.w.org\/{rel}","templated":true}]}}