{"id":3,"date":"2021-02-09T14:16:36","date_gmt":"2021-02-09T14:16:36","guid":{"rendered":"https:\/\/foodimproviders.eu\/?page_id=3"},"modified":"2023-03-08T13:58:26","modified_gmt":"2023-03-08T13:58:26","slug":"privacy-policy","status":"publish","type":"page","link":"https:\/\/foodimproviders.eu\/sl\/privacy-policy\/","title":{"rendered":"Pravilnik o zasebnosti"},"content":{"rendered":"<h2 class=\"wp-block-heading\"><\/h2>\n\n\n\n<p><\/p>\n\n\n\n<p><strong>Projekt Foodimprov'iders<\/strong>&nbsp;<\/p>\n\n\n\n<p><strong>FOODIMPROV'IDERS - Zagotoviti proizvajalcem ustrezno znanje za razvoj novih trajnostnih modelov prehranske verige, ki bodo izbolj\u0161ali njihove prihodke in pove\u010dali zadovoljstvo potro\u0161nikov.<\/strong>(v nadaljnjem besedilu \"<strong>IZBOLJ\u0160EVALCI HRANE<\/strong>\", \"mi\", \"nas\" ali \"na\u0161\") je projekt Erasmus+, ki ga koordinira ANIA in zdru\u017euje mednarodno partnerstvo z razli\u010dnimi izku\u0161njami: <a href=\"https:\/\/foodimproviders.eu\/sl\/foodimproviders-project\/#partners\" target=\"_blank\" rel=\"noreferrer noopener\"><strong>https:\/\/foodimproviders.eu\/foodimproviders-project\/#partners<\/strong><\/a>. Europroject vzdr\u017euje to spletno mesto (\"storitev\") v imenu \u010dlanov konzorcija Foodimprov'iders.&nbsp;<\/p>\n\n\n\n<p><strong>Podatkovna politika<\/strong>&nbsp;<\/p>\n\n\n\n<p>Namen na\u0161ega pravilnika o podatkih je opisati, kako uporabljamo vse osebne podatke, ki nam jih posredujete med obiskom <strong>IZBOLJ\u0160EVALCI HRANE<\/strong><strong> <\/strong>spletna stran. Va\u0161a zasebnost in varnost va\u0161ih podatkov sta nam izjemno pomembni. \u010ceprav noben na\u010din prenosa podatkov prek interneta ali elektronskega shranjevanja ni stoodstotno varen, bomo zagotovili, da vsi obdelovalci podatkov, ki jih uporabljamo, izvajajo ustrezne tehni\u010dne in organizacijske varnostne ukrepe za za\u0161\u010dito podatkov, ki ste nam jih posredovali.&nbsp;<\/p>\n\n\n\n<p><strong>Osebni podatki&nbsp;<\/strong>&nbsp;<\/p>\n\n\n\n<p>Med uporabo na\u0161e storitve vas lahko prosimo, da nam posredujete dolo\u010dene osebne podatke, ki jih je mogo\u010de uporabiti za vzpostavitev stika z vami ali va\u0161o identifikacijo. Osebni podatki lahko vklju\u010dujejo va\u0161 e-po\u0161tni naslov, ime in priimek, pi\u0161kotke in\/ali podatke o uporabi.&nbsp;<\/p>\n\n\n\n<p>Z va\u0161imi osebnimi podatki bomo ravnali v skladu z zakonodajo o varstvu podatkov, vklju\u010dno z zakoni o varstvu podatkov iz let 1988 do 2018, Splo\u0161no uredbo o varstvu podatkov (EU) 2018\/1725 in vsemi drugimi veljavnimi nacionalnimi ali mednarodnimi zakoni ali predpisi. Va\u0161ih osebnih podatkov v nobenem primeru ne bomo posredovali brez va\u0161ega soglasja, razen \u010de to zahteva zakon (razen kot je dolo\u010deno v tej Politiki). V nekaterih okoli\u0161\u010dinah lahko va\u0161e Osebne podatke posredujemo Evropski komisiji; v tem primeru bodo va\u0161i Osebni podatki obdelani v skladu s Politiko zasebnosti Evropske komisije, ki je na voljo na<a href=\"https:\/\/ec.europa.eu\/info\/privacy-policy_en\" target=\"_blank\" rel=\"noreferrer noopener\">https:\/\/ec.europa.eu\/info\/privacy-policy_en<\/a>.&nbsp;<\/p>\n\n\n\n<p>\u010ce je to potrebno, lahko va\u0161e osebne podatke razkrijemo le v dobri veri: (i) zaradi izpolnjevanja zakonskih obveznosti; (ii) zaradi za\u0161\u010dite <strong>IZBOLJ\u0160EVALCI HRANE <\/strong>pravice ali lastnino; iii) za prepre\u010devanje ali preiskovanje morebitnih nepravilnosti v zvezi s storitvijo, iv) za za\u0161\u010dito osebne varnosti uporabnikov storitve ali javnosti; v) za za\u0161\u010dito pred pravno odgovornostjo.&nbsp;<\/p>\n\n\n\n<p><strong>Podatki o uporabi<\/strong>&nbsp;<\/p>\n\n\n\n<p>Zbiramo lahko tudi podatke o tem, kako se do storitve dostopa in kako se uporablja (\"podatki o uporabi\"). Ti podatki o uporabi lahko vklju\u010dujejo informacije, kot so naslov internetnega protokola (IP) va\u0161ega ra\u010dunalnika, vrsta brskalnika, razli\u010dica brskalnika, strani na\u0161e storitve, ki jih obi\u0161\u010dete, \u010das in datum va\u0161ega obiska, \u010das, porabljen na teh straneh, edinstveni identifikatorji naprave in drugi diagnosti\u010dni podatki.&nbsp;<\/p>\n\n\n\n<p><strong>Analiti\u010dni podatki<\/strong>&nbsp;<\/p>\n\n\n\n<p>Analiti\u010dne podatke zbiramo prek storitve Google Analytics. Ti podatki se zbirajo na makro ravni na podlagi vseh obiskovalcev spletnega mesta. Vsi analiti\u010dni podatki so anonimizirani in jih zato ni mogo\u010de osebno identificirati.&nbsp;<\/p>\n\n\n\n<p><strong>Podatki o sledenju in pi\u0161kotkih<\/strong>&nbsp;<\/p>\n\n\n\n<p>Pi\u0161kotke in podobne tehnologije za sledenje uporabljamo za spremljanje dejavnosti v na\u0161i storitvi in shranjevanje dolo\u010denih informacij.&nbsp;<\/p>\n\n\n\n<p>Pi\u0161kotki so datoteke z majhno koli\u010dino podatkov, ki lahko vklju\u010dujejo anonimni edinstveni identifikator. Pi\u0161kotki se s spletnega mesta po\u0161ljejo v va\u0161 brskalnik in shranijo v va\u0161i napravi. Tehnologije sledenja se uporabljajo tudi svetilniki, oznake in skripte za zbiranje in sledenje informacij ter za izbolj\u0161anje in analizo na\u0161e storitve.&nbsp;<\/p>\n\n\n\n<p>Brskalniku lahko naro\u010dite, naj zavrne vse pi\u0161kotke ali naj sporo\u010di, kdaj se pi\u0161kotek po\u0161ilja. \u010ce pi\u0161kotkov ne sprejmete, morda ne boste mogli uporabljati nekaterih delov na\u0161e storitve.&nbsp;<\/p>\n\n\n\n<p>Primeri pi\u0161kotkov, ki jih uporabljamo:&nbsp;<br><strong>- Sejni pi\u0161kotki -<\/strong> Za delovanje na\u0161e storitve uporabljamo sejne pi\u0161kotke.&nbsp;<br>- <strong>Pi\u0161kotki s preferencami<\/strong> - Pi\u0161kotke za nastavitve uporabljamo, da si zapomnimo va\u0161e nastavitve in razli\u010dne nastavitve.&nbsp;<br>- <strong>Varnostni pi\u0161kotki<\/strong> - Varnostne pi\u0161kotke uporabljamo v varnostne namene.&nbsp;<\/p>\n\n\n\n<p><strong>Pravilnik o pi\u0161kotkih<\/strong>&nbsp;<\/p>\n\n\n\n<p>Na\u0161e spletno mesto uporablja pi\u0161kotke, da vas razlikuje od drugih uporabnikov na\u0161ega spletnega mesta. Na splo\u0161no se pi\u0161kotki uporabljajo za ohranjanje uporabni\u0161kih nastavitev, shranjevanje informacij za stvari, kot so nakupovalne ko\u0161arice, in zagotavljanje anonimiziranih podatkov o sledenju. Pi\u0161kotki praviloma izbolj\u0161ajo va\u0161o izku\u0161njo brskanja. Vendar lahko na tem spletnem mestu in na drugih spletnih mestih pi\u0161kotke raje onemogo\u010dite. Naju\u010dinkovitej\u0161i na\u010din za to je, da pi\u0161kotke onemogo\u010dite v brskalniku. Predlagamo, da se posvetujete z razdelkom Pomo\u010d v brskalniku ali si ogledate<a href=\"https:\/\/www.aboutcookies.org\/\" target=\"_blank\" rel=\"noreferrer noopener\">O pi\u0161kotkih<\/a>na spletnem mestu, ki ponuja navodila za vse sodobne brskalnike.&nbsp;<\/p>\n\n\n\n<p><strong>Povezave tretjih oseb<\/strong>&nbsp;<\/p>\n\n\n\n<p>Na\u0161a storitev lahko vsebuje hiperpovezave do spletnih mest, ki so v lasti in jih upravljajo tretje osebe. Ta spletna mesta tretjih oseb imajo lastne politike zasebnosti, vklju\u010dno s pi\u0161kotki. Ne prevzemamo nikakr\u0161ne odgovornosti za ravnanje tretjih oseb v zvezi z zasebnostjo, zato tak\u0161na spletna mesta uporabljate na lastno odgovornost.&nbsp;<\/p>\n\n\n\n<p><strong>Spremembe politike zasebnosti FOODIMPROV'IDERS<\/strong>&nbsp;<\/p>\n\n\n\n<p>Na\u0161 pravilnik o zasebnosti se lahko ob\u010dasno posodobi. Svetujemo vam, da redno pregledujete ta pravilnik o zasebnosti. Vse spremembe pravilnika o zasebnosti na na\u0161i strani bodo objavljene na tej strani.&nbsp;<\/p>\n\n\n\n<p><strong>Pi\u0161ite nam<\/strong>&nbsp;<\/p>\n\n\n\n<p>\u010ce imate kakr\u0161na koli vpra\u0161anja ali \u017eelite izvedeti ve\u010d o politiki zasebnosti dru\u017ebe FOODIMPROV'IDERS, se obrnite na nas na<a href=\"mailto:galina.ivanova@europroject.bg\" target=\"_blank\" rel=\"noreferrer noopener\">galina.ivanova@europroject.bg<\/a>.&nbsp;&nbsp;&nbsp;<\/p>","protected":false},"excerpt":{"rendered":"<p>Foodimprov\u2019iders project&nbsp; FOODIMPROV\u2019IDERS \u2013 Provide producers with fit-for-purpose knowledge to develop new sustainable food chain models improving their revenue and enhancing consumers\u2019 satisfaction\u202f(hereinafter referred to as \u201cFOODIMPROV\u2019IDERS\u201d, \u201cwe\u201d, \u201cus\u201d or [&hellip;]<\/p>\n","protected":false},"author":1,"featured_media":0,"parent":0,"menu_order":0,"comment_status":"closed","ping_status":"closed","template":"","meta":{"_et_pb_use_builder":"","_et_pb_old_content":"","_et_gb_content_width":"1080","footnotes":""},"class_list":["post-3","page","type-page","status-publish","hentry"],"yoast_head":"<!-- This site is optimized with the Yoast SEO plugin v27.3 - https:\/\/yoast.com\/product\/yoast-seo-wordpress\/ -->\n<title>Privacy Policy - Food Improviders<\/title>\n<meta name=\"robots\" content=\"index, follow, max-snippet:-1, max-image-preview:large, max-video-preview:-1\" \/>\n<link rel=\"canonical\" href=\"https:\/\/foodimproviders.eu\/sl\/privacy-policy\/\" \/>\n<meta property=\"og:locale\" content=\"sl_SI\" \/>\n<meta property=\"og:type\" content=\"article\" \/>\n<meta property=\"og:title\" content=\"Privacy Policy - Food Improviders\" \/>\n<meta property=\"og:description\" content=\"Foodimprov\u2019iders project&nbsp; FOODIMPROV\u2019IDERS \u2013 Provide producers with fit-for-purpose knowledge to develop new sustainable food chain models improving their revenue and enhancing consumers\u2019 satisfaction\u202f(hereinafter referred to as \u201cFOODIMPROV\u2019IDERS\u201d, \u201cwe\u201d, \u201cus\u201d or [&hellip;]\" \/>\n<meta property=\"og:url\" content=\"https:\/\/foodimproviders.eu\/sl\/privacy-policy\/\" \/>\n<meta property=\"og:site_name\" content=\"Food Improviders\" \/>\n<meta property=\"article:modified_time\" content=\"2023-03-08T13:58:26+00:00\" \/>\n<meta name=\"twitter:card\" content=\"summary_large_image\" \/>\n<meta name=\"twitter:label1\" content=\"Est. reading time\" \/>\n\t<meta name=\"twitter:data1\" content=\"4 minute\" \/>\n<script type=\"application\/ld+json\" class=\"yoast-schema-graph\">{\"@context\":\"https:\\\/\\\/schema.org\",\"@graph\":[{\"@type\":\"WebPage\",\"@id\":\"https:\\\/\\\/foodimproviders.eu\\\/privacy-policy\\\/\",\"url\":\"https:\\\/\\\/foodimproviders.eu\\\/privacy-policy\\\/\",\"name\":\"Privacy Policy - Food Improviders\",\"isPartOf\":{\"@id\":\"https:\\\/\\\/foodimproviders.eu\\\/hu\\\/#website\"},\"datePublished\":\"2021-02-09T14:16:36+00:00\",\"dateModified\":\"2023-03-08T13:58:26+00:00\",\"breadcrumb\":{\"@id\":\"https:\\\/\\\/foodimproviders.eu\\\/privacy-policy\\\/#breadcrumb\"},\"inLanguage\":\"sl-SI\",\"potentialAction\":[{\"@type\":\"ReadAction\",\"target\":[\"https:\\\/\\\/foodimproviders.eu\\\/privacy-policy\\\/\"]}]},{\"@type\":\"BreadcrumbList\",\"@id\":\"https:\\\/\\\/foodimproviders.eu\\\/privacy-policy\\\/#breadcrumb\",\"itemListElement\":[{\"@type\":\"ListItem\",\"position\":1,\"name\":\"Home\",\"item\":\"https:\\\/\\\/foodimproviders.eu\\\/hu\\\/\"},{\"@type\":\"ListItem\",\"position\":2,\"name\":\"Privacy Policy\"}]},{\"@type\":\"WebSite\",\"@id\":\"https:\\\/\\\/foodimproviders.eu\\\/hu\\\/#website\",\"url\":\"https:\\\/\\\/foodimproviders.eu\\\/hu\\\/\",\"name\":\"Food Improviders\",\"description\":\"Showcase website of the Erasmus+ Strategic partnership FOOD IMPROV&#039;IDERS aiming to facilitate the uptake of short food supply chain by EU food producers.\",\"potentialAction\":[{\"@type\":\"SearchAction\",\"target\":{\"@type\":\"EntryPoint\",\"urlTemplate\":\"https:\\\/\\\/foodimproviders.eu\\\/hu\\\/?s={search_term_string}\"},\"query-input\":{\"@type\":\"PropertyValueSpecification\",\"valueRequired\":true,\"valueName\":\"search_term_string\"}}],\"inLanguage\":\"sl-SI\"}]}<\/script>\n<!-- \/ Yoast SEO plugin. -->","yoast_head_json":{"title":"Privacy Policy - Food Improviders","robots":{"index":"index","follow":"follow","max-snippet":"max-snippet:-1","max-image-preview":"max-image-preview:large","max-video-preview":"max-video-preview:-1"},"canonical":"https:\/\/foodimproviders.eu\/sl\/privacy-policy\/","og_locale":"sl_SI","og_type":"article","og_title":"Privacy Policy - Food Improviders","og_description":"Foodimprov\u2019iders project&nbsp; FOODIMPROV\u2019IDERS \u2013 Provide producers with fit-for-purpose knowledge to develop new sustainable food chain models improving their revenue and enhancing consumers\u2019 satisfaction\u202f(hereinafter referred to as \u201cFOODIMPROV\u2019IDERS\u201d, \u201cwe\u201d, \u201cus\u201d or [&hellip;]","og_url":"https:\/\/foodimproviders.eu\/sl\/privacy-policy\/","og_site_name":"Food Improviders","article_modified_time":"2023-03-08T13:58:26+00:00","twitter_card":"summary_large_image","twitter_misc":{"Est. reading time":"4 minute"},"schema":{"@context":"https:\/\/schema.org","@graph":[{"@type":"WebPage","@id":"https:\/\/foodimproviders.eu\/privacy-policy\/","url":"https:\/\/foodimproviders.eu\/privacy-policy\/","name":"Privacy Policy - Food Improviders","isPartOf":{"@id":"https:\/\/foodimproviders.eu\/hu\/#website"},"datePublished":"2021-02-09T14:16:36+00:00","dateModified":"2023-03-08T13:58:26+00:00","breadcrumb":{"@id":"https:\/\/foodimproviders.eu\/privacy-policy\/#breadcrumb"},"inLanguage":"sl-SI","potentialAction":[{"@type":"ReadAction","target":["https:\/\/foodimproviders.eu\/privacy-policy\/"]}]},{"@type":"BreadcrumbList","@id":"https:\/\/foodimproviders.eu\/privacy-policy\/#breadcrumb","itemListElement":[{"@type":"ListItem","position":1,"name":"Home","item":"https:\/\/foodimproviders.eu\/hu\/"},{"@type":"ListItem","position":2,"name":"Privacy Policy"}]},{"@type":"WebSite","@id":"https:\/\/foodimproviders.eu\/hu\/#website","url":"https:\/\/foodimproviders.eu\/hu\/","name":"Ponudniki hrane","description":"Predstavitvena spletna stran strate\u0161kega partnerstva Erasmus+ FOOD IMPROV'IDERS, katerega cilj je olaj\u0161ati uvedbo kratke verige preskrbe s hrano pri proizvajalcih hrane v EU.","potentialAction":[{"@type":"SearchAction","target":{"@type":"EntryPoint","urlTemplate":"https:\/\/foodimproviders.eu\/hu\/?s={search_term_string}"},"query-input":{"@type":"PropertyValueSpecification","valueRequired":true,"valueName":"search_term_string"}}],"inLanguage":"sl-SI"}]}},"_links":{"self":[{"href":"https:\/\/foodimproviders.eu\/sl\/wp-json\/wp\/v2\/pages\/3","targetHints":{"allow":["GET"]}}],"collection":[{"href":"https:\/\/foodimproviders.eu\/sl\/wp-json\/wp\/v2\/pages"}],"about":[{"href":"https:\/\/foodimproviders.eu\/sl\/wp-json\/wp\/v2\/types\/page"}],"author":[{"embeddable":true,"href":"https:\/\/foodimproviders.eu\/sl\/wp-json\/wp\/v2\/users\/1"}],"replies":[{"embeddable":true,"href":"https:\/\/foodimproviders.eu\/sl\/wp-json\/wp\/v2\/comments?post=3"}],"version-history":[{"count":0,"href":"https:\/\/foodimproviders.eu\/sl\/wp-json\/wp\/v2\/pages\/3\/revisions"}],"wp:attachment":[{"href":"https:\/\/foodimproviders.eu\/sl\/wp-json\/wp\/v2\/media?parent=3"}],"curies":[{"name":"wp","href":"https:\/\/api.w.org\/{rel}","templated":true}]}}